{"id":1637,"date":"2026-02-10T13:51:36","date_gmt":"2026-02-10T11:51:36","guid":{"rendered":"https:\/\/cpbmd.info\/?page_id=1637"},"modified":"2026-02-11T16:29:07","modified_gmt":"2026-02-11T14:29:07","slug":"admiterea-2024","status":"publish","type":"page","link":"https:\/\/cpbmd.info\/?page_id=1637","title":{"rendered":"Admiterea 2024"},"content":{"rendered":"\n<h2 class=\"wp-block-heading has-text-align-center\">Rezultatele admiterii<\/h2>\n\n\n\n<div class=\"wp-block-uagb-container uagb-block-9fc84567 alignfull uagb-is-root-container\"><div class=\"uagb-container-inner-blocks-wrap\">\n<div class=\"wp-block-uagb-container uagb-block-21494389\">\n<div data-wp-interactive=\"core\/file\" class=\"wp-block-file\"><object data-wp-bind--hidden=\"!state.hasPdfPreview\" hidden class=\"wp-block-file__embed\" data=\"https:\/\/cpbmd.info\/wp-content\/uploads\/2026\/02\/Turul-I_admiterea-2024.pdf\" type=\"application\/pdf\" style=\"width:100%;height:600px\" aria-label=\"\u00cenglobare pentru Turul-I_admiterea-2024.\"><\/object><a id=\"wp-block-file--media-0ce3be61-5336-4709-8d03-bca8726141d0\" href=\"https:\/\/cpbmd.info\/wp-content\/uploads\/2026\/02\/Turul-I_admiterea-2024.pdf\">Turul-I_admiterea-2024<\/a><a href=\"https:\/\/cpbmd.info\/wp-content\/uploads\/2026\/02\/Turul-I_admiterea-2024.pdf\" class=\"wp-block-file__button wp-element-button\" download aria-describedby=\"wp-block-file--media-0ce3be61-5336-4709-8d03-bca8726141d0\">Descarc\u0103<\/a><\/div>\n<\/div>\n\n\n\n<div class=\"wp-block-uagb-container uagb-block-62023430\">\n<div data-wp-interactive=\"core\/file\" class=\"wp-block-file\"><object data-wp-bind--hidden=\"!state.hasPdfPreview\" hidden class=\"wp-block-file__embed\" data=\"https:\/\/cpbmd.info\/wp-content\/uploads\/2026\/02\/Turul-I-dupa-clasa-X_admiterea-2024.pdf\" type=\"application\/pdf\" style=\"width:100%;height:600px\" aria-label=\"\u00cenglobare pentru Turul-I-dupa-clasa-X_admiterea-2024.\"><\/object><a id=\"wp-block-file--media-9d2274d8-0526-40d8-912b-473de87dd281\" href=\"https:\/\/cpbmd.info\/wp-content\/uploads\/2026\/02\/Turul-I-dupa-clasa-X_admiterea-2024.pdf\">Turul-I-dupa-clasa-X_admiterea-2024<\/a><a href=\"https:\/\/cpbmd.info\/wp-content\/uploads\/2026\/02\/Turul-I-dupa-clasa-X_admiterea-2024.pdf\" class=\"wp-block-file__button wp-element-button\" download aria-describedby=\"wp-block-file--media-9d2274d8-0526-40d8-912b-473de87dd281\">Descarc\u0103<\/a><\/div>\n<\/div>\n<\/div><\/div>\n\n\n\n<div style=\"height:30px\" aria-hidden=\"true\" class=\"wp-block-spacer\"><\/div>\n\n\n\n<h2 class=\"wp-block-heading has-text-align-center\" id=\"c3aenvc483c89bc483mc3a2ntul-profesional-tehnic\">\u00cenv\u0103\u021b\u0103m\u00e2ntul profesional tehnic<\/h2>\n\n\n\n<p>I.P. Colegiul Politehnic din B\u0103l\u021bi anun\u021b\u0103 admiterea pentru anul de studii 2024-2025 la urm\u0103toarele programe de formare profesional\u0103 \u00een baza studiilor gimnaziale, \u00een domeniul de educa\u021bie Inginerie \u0219i activit\u0103\u021bi inginere\u0219ti, Tehnologia informa\u021biei \u0219i a comunica\u021biilor:<\/p>\n\n\n\n<figure class=\"wp-block-table\"><table class=\"has-fixed-layout\"><tbody><tr><td><strong>Codul \u0219i denumirea programului de studii (specialit\u0103\u021bii)<\/strong><\/td><td><strong>Calificarea ob\u021binut\u0103 \u00een \u00eenv\u0103\u021b\u0103m\u00e2ntul profesional tehnic<\/strong><\/td><td><strong>Durata studiilor<\/strong><\/td><\/tr><tr><td>0611.1 Calculatoare<\/td><td>Tehnician\/tehnician\u0103 suport tehnic al calculatoarelor<\/td><td><br>4 ani<\/td><\/tr><tr><td>0611.2 Re\u021bele de calculatoare<\/td><td>Tehnician\/tehnician\u0103 suport tehnic al re\u021belelor<\/td><td><br>4 ani<\/td><\/tr><tr><td>0713.2 Electromecanic\u0103<\/td><td>Tehnician\/tehnician\u0103 electromecanic<\/td><td><br>4 ani<\/td><\/tr><tr><td>0714.1 Aparate radioelectronice de uz casnic<\/td><td>Tehnician\/tehnician\u0103 echipamente optice, electronice<\/td><td><br>4 ani<\/td><\/tr><tr><td>0714.2 Automatizarea \u0219i robotizarea proceselor de produc\u021bie<\/td><td>Tehnician\/tehnician\u0103 \u00een automatizarea proceselor de produc\u021bie<\/td><td><br>4 ani<\/td><\/tr><tr><td>0715.6 Metrologie \u0219i certificarea conformit\u0103\u021bii<\/td><td>Tehnician metrolog\/tehnician\u0103 metrolog\u0103&nbsp;<\/td><td><br>4 ani<\/td><\/tr><tr><td>0715.7 Tehnologia construc\u021biilor de ma\u0219ini<\/td><td>Tehnician\/ tehnician\u0103 \u00een construc\u021bii de ma\u0219ini \u0219i utilaje<\/td><td><br>4 ani<\/td><\/tr><\/tbody><\/table><\/figure>\n\n\n\n<div style=\"height:30px\" aria-hidden=\"true\" class=\"wp-block-spacer\"><\/div>\n\n\n\n<h2 class=\"wp-block-heading has-text-align-center\" id=\"c3aenvc483c89bc483mc3a2nt-profesional-tehnic-dual\"><strong>\u00cenv\u0103\u021b\u0103m\u00e2nt profesional tehnic dual<\/strong><\/h2>\n\n\n\n<p>I.P. Colegiul Politehnic din B\u0103l\u021bi anun\u021b\u0103 admiterea abiturien\u021bilor pentru anul de studii 2024-2025 la urm\u0103toarele programe de formare profesional\u0103 \u00een baza studiilor liceale (sau un act de studii echivalent)\/atestatului de studii medii de cultur\u0103 general\u0103, certificatului de calificare conexe meseriei ini\u0163iale (sau a unui act de studii echivalent) \u00een domeniul Inginerie \u0219i activit\u0103\u021bi inginere\u0219ti:<\/p>\n\n\n\n<p>Structura \u00eenv\u0103\u021b\u0103m\u00e2ntului dual este o form\u0103 de organizare a \u00eenv\u0103\u021b\u0103m\u00e2ntului profesional tehnic, \u00een cadrul c\u0103ruia instruirea teoretic\u0103 se realizeaz\u0103 la institu\u021bia de \u00eenv\u0103\u021b\u0103m\u00e2nt profesional tehnic, iar cea practic\u0103 \u2013 la unitate. Timpul de instruire pentru programele de formare \u00een colegii 50%&nbsp;<strong>&nbsp;<\/strong>\u0219i la Unitatea Economic\u0103 50%.<\/p>\n\n\n\n<figure class=\"wp-block-table\"><table class=\"has-fixed-layout\"><tbody><tr><td><strong>Codul \u0219i denumirea programului de studii (specialit\u0103\u021bii)<\/strong><\/td><td><strong>Calificarea ob\u021binut\u0103 \u00een \u00eenv\u0103\u021b\u0103m\u00e2ntul profesional tehnic<\/strong><\/td><td><strong>Durata studiilor<\/strong><\/td><\/tr><tr><td>0713.2 Electromecanic\u0103<\/td><td>Tehnician\/tehnician\u0103 electromecanic<\/td><td>2 ani<\/td><\/tr><tr><td>0715.10 Utilaj tehnologic industrial \u0219i accesorii<\/td><td>Tehnician\/tehnician\u0103 mentenan\u021b\u0103 mecanic\u0103 a echipamentelor industriale<\/td><td>2 ani<\/td><\/tr><\/tbody><\/table><\/figure>\n\n\n\n<div style=\"height:30px\" aria-hidden=\"true\" class=\"wp-block-spacer\"><\/div>\n\n\n\n<h2 class=\"wp-block-heading has-text-align-center\"><strong>Agen\u021bi economici parteneri \u00een \u00eenv\u0103\u021b\u0103m\u00e2nt dual<\/strong><\/h2>\n\n\n\n<figure class=\"wp-block-image size-full\"><img decoding=\"async\" width=\"912\" height=\"515\" src=\"https:\/\/cpbmd.info\/wp-content\/uploads\/2026\/02\/dual-parteneri.png\" alt=\"\" class=\"wp-image-1652\" srcset=\"https:\/\/cpbmd.info\/wp-content\/uploads\/2026\/02\/dual-parteneri.png 912w, https:\/\/cpbmd.info\/wp-content\/uploads\/2026\/02\/dual-parteneri-300x169.png 300w, https:\/\/cpbmd.info\/wp-content\/uploads\/2026\/02\/dual-parteneri-768x434.png 768w\" sizes=\"(max-width: 912px) 100vw, 912px\" \/><\/figure>\n\n\n\n<h3 class=\"wp-block-heading has-text-align-center\" id=\"avantajele-pentru-elevi-c3aen-c3aenvc483c89bc483mantul-dual\"><strong>Avantajele pentru elevi \u00een \u00eenv\u0103\u021b\u0103mantul dual:<\/strong><\/h3>\n\n\n\n<ul class=\"wp-block-list\">\n<li>Meserie bine pl\u0103tit\u0103 \u0219i solicitat\u0103 pe pia\u021ba muncii;<\/li>\n\n\n\n<li>Experien\u021b\u0103 \u00eentr-o companie prestigioas\u0103;<\/li>\n\n\n\n<li>\u0218ansele de angajare dup\u0103 absolvire foarte mari;<\/li>\n\n\n\n<li>Condi\u021bii moderne de munc\u0103, echipamente performante;<\/li>\n\n\n\n<li>Asigurare social\u0103 \u0219i medical\u0103;<\/li>\n\n\n\n<li>Posibilitatea de cre\u0219tere \u00een carier\u0103;<\/li>\n\n\n\n<li>Oportunitatea de a continua studiile \u00een acela\u0219i domeniu de formare;<\/li>\n\n\n\n<li>Burs\u0103 de studiu \u0219i remunera\u021bie de la agent economic.<\/li>\n<\/ul>\n\n\n\n<h3 class=\"wp-block-heading has-text-align-center\">Planul de \u00eenmatriculare pentru anul de studii 2024-2025<\/h3>\n\n\n\n<figure class=\"wp-block-image size-large\"><img decoding=\"async\" width=\"1024\" height=\"575\" src=\"https:\/\/cpbmd.info\/wp-content\/uploads\/2026\/02\/planul-de-inmatriculare-pentru-anul-de-studii-2024-2025-1024x575.png\" alt=\"\" class=\"wp-image-1653\" srcset=\"https:\/\/cpbmd.info\/wp-content\/uploads\/2026\/02\/planul-de-inmatriculare-pentru-anul-de-studii-2024-2025-1024x575.png 1024w, https:\/\/cpbmd.info\/wp-content\/uploads\/2026\/02\/planul-de-inmatriculare-pentru-anul-de-studii-2024-2025-300x168.png 300w, https:\/\/cpbmd.info\/wp-content\/uploads\/2026\/02\/planul-de-inmatriculare-pentru-anul-de-studii-2024-2025-768x431.png 768w, https:\/\/cpbmd.info\/wp-content\/uploads\/2026\/02\/planul-de-inmatriculare-pentru-anul-de-studii-2024-2025.png 1128w\" sizes=\"(max-width: 1024px) 100vw, 1024px\" \/><\/figure>\n\n\n\n<h2 class=\"wp-block-heading has-text-align-center\" id=\"locuri-declarate-vacante-pentru-programele-de-formare-profesionalc483\">Locuri declarate vacante pentru programele de formare profesional\u0103<\/h2>\n\n\n\n<p>Anun\u021b\u0103m urm\u0103toarele locuri declarate vacante cu \u00eenmatrucularea \u00een anul II de studii pentru elevii cu situa\u021bia \u0219colar\u0103 \u00eencheiat\u0103 ai anului \u00eent\u00e2i de studii&nbsp; \u0219i&nbsp; claselor a X-a de liceu.<\/p>\n\n\n\n<figure class=\"wp-block-table\"><table class=\"has-fixed-layout\"><tbody><tr><td><strong>Denumirea programului de studii (specialit\u0103\u021bii)<\/strong><\/td><td><strong>Toatal locuri vacante<\/strong>&nbsp;<strong>(cu taxa de studii)<\/strong><\/td><td><strong>Limba de instruire<\/strong>&nbsp;<strong>rom\u00e2n\u0103<\/strong><\/td><td><strong>Limba de instruire<\/strong>&nbsp;<strong>rus\u0103<\/strong><\/td><\/tr><tr><td>Calculatoare<\/td><td>9<\/td><td>5<\/td><td>4<\/td><\/tr><tr><td>Re\u021bele de calculatoare<\/td><td>1<\/td><td>1<\/td><td>\u2013<\/td><\/tr><tr><td>Electromecanic\u0103<\/td><td>16<\/td><td>6<\/td><td>10<\/td><\/tr><tr><td>Aparate radioelectronice de uz casnic<\/td><td>2<\/td><td>2<\/td><td>\u2013<\/td><\/tr><tr><td>Aparate radioelectronice de uz casnic<\/td><td>3 (buget)<\/td><td>3<\/td><td>\u2013<\/td><\/tr><tr><td>Automatizarea proceselor tehnologice<\/td><td>10<\/td><td>3<\/td><td>7<\/td><\/tr><tr><td>Metrologie \u0219i certificarea conformit\u0103\u021bii<\/td><td>3<\/td><td>3<\/td><td>\u2013<\/td><\/tr><\/tbody><\/table><\/figure>\n\n\n\n<p>Asigura\u021bi-v\u0103 un loc \u00een unul dintre cele mai prestigioase colegii din regiune \u0219i \u00eencepe\u021bi-v\u0103 cariera cu o educa\u021bie de calitate!<\/p>\n\n\n\n<div style=\"height:30px\" aria-hidden=\"true\" class=\"wp-block-spacer\"><\/div>\n\n\n\n<h2 class=\"wp-block-heading\" id=\"program-de-activitate-a-comisiei-de-admitere\">Program de activitate a Comisiei de admitere:<\/h2>\n\n\n\n<figure class=\"wp-block-image size-large\"><img decoding=\"async\" width=\"1024\" height=\"589\" src=\"https:\/\/cpbmd.info\/wp-content\/uploads\/2026\/02\/calendarul-admiterii-2024-1024x589.png\" alt=\"\" class=\"wp-image-1654\" srcset=\"https:\/\/cpbmd.info\/wp-content\/uploads\/2026\/02\/calendarul-admiterii-2024-1024x589.png 1024w, https:\/\/cpbmd.info\/wp-content\/uploads\/2026\/02\/calendarul-admiterii-2024-300x173.png 300w, https:\/\/cpbmd.info\/wp-content\/uploads\/2026\/02\/calendarul-admiterii-2024-768x442.png 768w, https:\/\/cpbmd.info\/wp-content\/uploads\/2026\/02\/calendarul-admiterii-2024.png 1189w\" sizes=\"(max-width: 1024px) 100vw, 1024px\" \/><\/figure>\n\n\n\n<div style=\"height:30px\" aria-hidden=\"true\" class=\"wp-block-spacer\"><\/div>\n\n\n\n<h4 class=\"wp-block-heading has-text-align-center\" id=\"depunerea-dosarului\">Depunerea dosarului:<\/h4>\n\n\n\n<p><strong>Turul I<\/strong>&nbsp;\u2013&nbsp;<strong>15.07.2024-03.08.2024<\/strong>,&nbsp;<strong>afi\u0219area rezultatelor 07.08.2024<\/strong>;<\/p>\n\n\n\n<p><strong>Turul II&nbsp;<\/strong>\u2013&nbsp;<strong>07.08.2024-17.08.2024<\/strong>,&nbsp;<strong>afi\u0219erea rezulatelor<\/strong>&nbsp;<strong>27.08.2024<\/strong>.<\/p>\n\n\n\n<p>Candidatul la concursul de admitere, va depune dosarul \u00een cadrul unei singure institu\u021bii de \u00eenv\u0103\u021b\u0103m\u00e2nt. Dosarul se depune fizic sau \u00een format electronic pe pagina web:<\/p>\n\n\n\n<div class=\"wp-block-uagb-container uagb-block-36eca476 alignfull uagb-is-root-container\"><div class=\"uagb-container-inner-blocks-wrap\">\n<div class=\"wp-block-uagb-container uagb-block-d6de5e87\">\n<figure class=\"wp-block-image size-full\"><a href=\"https:\/\/eadmitere.sime.md\/\"><img decoding=\"async\" width=\"1024\" height=\"173\" src=\"https:\/\/cpbmd.info\/wp-content\/uploads\/2026\/02\/e-admitere-1024x173-1-1.png\" alt=\"\" class=\"wp-image-1707\" srcset=\"https:\/\/cpbmd.info\/wp-content\/uploads\/2026\/02\/e-admitere-1024x173-1-1.png 1024w, https:\/\/cpbmd.info\/wp-content\/uploads\/2026\/02\/e-admitere-1024x173-1-1-300x51.png 300w, https:\/\/cpbmd.info\/wp-content\/uploads\/2026\/02\/e-admitere-1024x173-1-1-768x130.png 768w\" sizes=\"(max-width: 1024px) 100vw, 1024px\" \/><\/a><\/figure>\n<\/div>\n\n\n\n<div class=\"wp-block-uagb-container uagb-block-84da3256\">\n<h1 class=\"wp-block-heading\"><a href=\"https:\/\/eadmitere.sime.md\/\">EADMITIRE.SIME.MD<\/a><\/h1>\n<\/div>\n<\/div><\/div>\n\n\n\n<div style=\"height:30px\" aria-hidden=\"true\" class=\"wp-block-spacer\"><\/div>\n\n\n\n<h2 class=\"wp-block-heading has-text-align-left\"><strong><em>Actele necesare:<\/em><\/strong><\/h2>\n\n\n\n<div class=\"wp-block-uagb-container uagb-block-409ae109 alignfull uagb-is-root-container\"><div class=\"uagb-container-inner-blocks-wrap\">\n<ul class=\"wp-block-list\">\n<li style=\"margin-top:var(--wp--preset--spacing--xx-small);margin-bottom:var(--wp--preset--spacing--xx-small);padding-top:var(--wp--preset--spacing--xx-small);padding-bottom:var(--wp--preset--spacing--xx-small)\"><strong><em>Actul de studii \u00een original cu anexa respectiv\u0103;<\/em><\/strong><\/li>\n\n\n\n<li style=\"margin-top:var(--wp--preset--spacing--xx-small);margin-bottom:var(--wp--preset--spacing--xx-small);padding-top:var(--wp--preset--spacing--xx-small);padding-bottom:var(--wp--preset--spacing--xx-small)\"><strong><em>Certificatul de na\u0219tere sau buletinul de identitate cu fi\u0219a de \u00eenso\u021bire a candidatului (copia \u0219i originalul);<\/em><\/strong><\/li>\n\n\n\n<li style=\"margin-top:var(--wp--preset--spacing--xx-small);margin-bottom:var(--wp--preset--spacing--xx-small);padding-top:var(--wp--preset--spacing--xx-small);padding-bottom:var(--wp--preset--spacing--xx-small)\"><strong><em>6 fotografii color 3\u00d74;<\/em><\/strong><\/li>\n\n\n\n<li style=\"margin-top:var(--wp--preset--spacing--xx-small);margin-bottom:var(--wp--preset--spacing--xx-small);padding-top:var(--wp--preset--spacing--xx-small);padding-bottom:var(--wp--preset--spacing--xx-small)\"><strong><em>Adeverin\u021b\u0103 de recrut pentru b\u0103ie\u021bi (copia \u0219i originalul).<\/em><\/strong><\/li>\n<\/ul>\n\n\n\n<h4 class=\"wp-block-heading\"><strong><em>Pentru \u00eenscriere la cota de 15%:<\/em><\/strong><\/h4>\n\n\n\n<ul class=\"wp-block-list\">\n<li><strong>Acte ce confirm\u0103 statutul de copil orfan sau tutel\u0103, care atest\u0103 statutul (original);<\/strong><\/li>\n\n\n\n<li><strong>Acte ce confirm\u0103 deficien\u021be fizice sau senzoriale (original);<\/strong><\/li>\n\n\n\n<li><strong>Certificat despre componen\u021ba familiei \u0219i copiile certificatelor de na\u0219tere ale copiilor (pentru candida\u021bii din familiile cu 4 \u0219i mai mul\u021bi copii);<\/strong><\/li>\n\n\n\n<li><strong>Legitima\u021bia ce confirm\u0103 participarea la Cernob\u00eel, Afganistan, Transnistria (original\/copia).<\/strong><\/li>\n<\/ul>\n<\/div><\/div>\n\n\n\n<div style=\"height:30px\" aria-hidden=\"true\" class=\"wp-block-spacer\"><\/div>\n\n\n\n<h2 class=\"wp-block-heading has-text-align-center\"><strong>Taxa de perfectare a documentelor la admitere<\/strong>&nbsp;<em>\u2013 30 lei.<\/em><\/h2>\n\n\n\n<div class=\"wp-block-uagb-container uagb-block-c92df5b1 alignfull uagb-is-root-container\"><div class=\"uagb-container-inner-blocks-wrap\">\n<div class=\"wp-block-uagb-container uagb-block-63eaa985\">\n<figure class=\"wp-block-image size-large\"><img decoding=\"async\" width=\"861\" height=\"1024\" src=\"https:\/\/cpbmd.info\/wp-content\/uploads\/2026\/02\/White-and-black-New-Office-Hours-minimalist-instagram-story-1-1-861x1024.jpg\" alt=\"\" class=\"wp-image-1721\" srcset=\"https:\/\/cpbmd.info\/wp-content\/uploads\/2026\/02\/White-and-black-New-Office-Hours-minimalist-instagram-story-1-1-861x1024.jpg 861w, https:\/\/cpbmd.info\/wp-content\/uploads\/2026\/02\/White-and-black-New-Office-Hours-minimalist-instagram-story-1-1-252x300.jpg 252w, https:\/\/cpbmd.info\/wp-content\/uploads\/2026\/02\/White-and-black-New-Office-Hours-minimalist-instagram-story-1-1-768x914.jpg 768w, https:\/\/cpbmd.info\/wp-content\/uploads\/2026\/02\/White-and-black-New-Office-Hours-minimalist-instagram-story-1-1.jpg 1080w\" sizes=\"(max-width: 861px) 100vw, 861px\" \/><\/figure>\n<\/div>\n\n\n\n<h4 class=\"wp-block-heading\" id=\"taxe-de-studii-pentru-anul-academic-2024-2025\"><strong>Taxe de studii pentru anul academic 2024-2025:<\/strong><\/h4>\n\n\n\n<ul class=\"wp-block-list\">\n<li>Automatizarea \u0219i robotizarea proceselor de produc\u021bie \u2013 6500 lei;<\/li>\n\n\n\n<li>Calculatoare \u2013 7000 lei;<\/li>\n\n\n\n<li>Metrologie \u0219i certificarea conformit\u0103\u021bii- 6500 lei;<\/li>\n\n\n\n<li>Electromecanic\u0103 \u2013 6000 lei;<\/li>\n\n\n\n<li>Tehnologia construc\u021biilor de ma\u0219ini- 4500;<\/li>\n\n\n\n<li>Re\u021bele de calculatoare -7000;<\/li>\n\n\n\n<li>Aparate radioelectronice de uz casnic \u2013 5500<\/li>\n<\/ul>\n<\/div><\/div>\n\n\n\n<div style=\"height:30px\" aria-hidden=\"true\" class=\"wp-block-spacer\"><\/div>\n\n\n\n<h3 class=\"wp-block-heading\"><strong>Pentru mai multe informa\u021bii desc\u0103rca\u021bi pliantul:<\/strong><\/h3>\n\n\n\n<ul class=\"wp-block-list\">\n<li><strong><a href=\"http:\/\/cpbmd.info\/wp-content\/uploads\/2026\/02\/adm_rom_2024-.pdf\">\u00een limba rom\u00e2n\u0103<\/a><\/strong><\/li>\n\n\n\n<li><a href=\"http:\/\/cpbmd.info\/wp-content\/uploads\/2026\/02\/adm_rus_2024.pdf\" target=\"_blank\" rel=\"noreferrer noopener\"><strong>\u00een limba rus\u0103<\/strong><\/a><\/li>\n<\/ul>\n\n\n\n<div style=\"height:30px\" aria-hidden=\"true\" class=\"wp-block-spacer\"><\/div>\n\n\n\n<h5 class=\"wp-block-heading has-text-align-center\" id=\"regulamentul-de-organizare-c899i-desfc483c899urare-a-admiterii-la-programele-de-formare-profesionalc483-tehnicc483\"><a href=\"http:\/\/cpbmd.info\/wp-content\/uploads\/2026\/02\/regulament_de_admitere_actualizat-1.pdf\" target=\"_blank\" rel=\"noreferrer noopener\">Regulamentul de organizare \u0219i desf\u0103\u0219urare a admiterii la programele de formare profesional\u0103 tehnic\u0103<\/a><\/h5>\n\n\n\n<div style=\"height:30px\" aria-hidden=\"true\" class=\"wp-block-spacer\"><\/div>\n\n\n\n<h3 class=\"wp-block-heading\" id=\"oportunitc483c89bi\">Oportunit\u0103\u021bi:<\/h3>\n\n\n\n<ul class=\"wp-block-list\">\n<li><strong>Sus\u021binerea Bacalaureatului Na\u021bional;&nbsp;<\/strong><\/li>\n\n\n\n<li><strong>Stagii de practic\u0103 \u00een \u021bar\u0103 \u0219i peste hotare;<\/strong><\/li>\n\n\n\n<li><strong>Parteneriat cu agen\u021bi economici \u00een domeniul, de angajare \u00een c\u00e2mpul muncii;<\/strong><\/li>\n\n\n\n<li><strong>S\u0103li de calculatoare dotate cu echipament modern<\/strong>;<\/li>\n\n\n\n<li><strong>Taxe de studii moderate, cu achitarea \u00een rate;<\/strong><\/li>\n\n\n\n<li><strong>C\u0103min;<\/strong><\/li>\n\n\n\n<li><strong>Diverse activit\u0103\u021bi extracurriculare (cercuri tehnice,&nbsp;club de robotic\u0103);<\/strong><\/li>\n\n\n\n<li><strong>Sec\u021bii sportive, sal\u0103 \u0219i teren sportiv.<\/strong><\/li>\n<\/ul>\n\n\n\n<div style=\"height:30px\" aria-hidden=\"true\" class=\"wp-block-spacer\"><\/div>\n\n\n\n<h2 class=\"wp-block-heading\" id=\"contacte\"><strong><em><strong>Contacte<\/strong><\/em><\/strong><\/h2>\n\n\n\n<p><strong><em><strong>Adresa noastr\u0103:<\/strong><\/em>&nbsp;MD-3100 mun. B\u0103l\u021bi, str. I. Franco11, sectorul Dacia;<\/strong><\/p>\n\n\n\n<p><em><strong>Telefon de contact:<\/strong><\/em><\/p>\n\n\n\n<ul class=\"wp-block-list\">\n<li>Anticamera \u2013 0231-7-20-94;<\/li>\n\n\n\n<li>Comisia de admitere \u2013 0231-7-02-61<\/li>\n<\/ul>\n\n\n\n<p>Email: colegiulbalti@gmail.com;<\/p>\n\n\n\n<p><strong>Mai multe informa\u021bii&nbsp;pe pagina de Facebook: https:\/\/www.facebook.com\/coelgiulpolitehnicbalti<\/strong><\/p>\n\n\n\n<p><strong>Mai multe informa\u021bii pe pagina de&nbsp;<\/strong>TikTok:<\/p>\n\n\n\n<blockquote class=\"tiktok-embed\" cite=\"https:\/\/www.tiktok.com\/@colegiulpolitehnic\" data-unique-id=\"colegiulpolitehnic\" data-embed-type=\"creator\" style=\"max-width: 780px; min-width: 288px;\" > <section> <a target=\"_blank\" href=\"https:\/\/www.tiktok.com\/@colegiulpolitehnic?refer=creator_embed\">@colegiulpolitehnic<\/a> <\/section> <\/blockquote> <script async src=\"https:\/\/www.tiktok.com\/embed.js\"><\/script>\n\n\n\n<p><a href=\"https:\/\/cpbmd.info\/?p=1074\">REG de organizare \u015fi desf\u0103\u015furare a admiterii la programele de formare profesional\u0103 tehnic\u0103 din I.P. Colegiul Politehnic din B\u0103l\u0163i<\/a><\/p>\n","protected":false},"excerpt":{"rendered":"<p>Rezultatele admiterii \u00cenv\u0103\u021b\u0103m\u00e2ntul profesional tehnic I.P. Colegiul Politehnic din B\u0103l\u021bi anun\u021b\u0103 admiterea pentru anul de studii 2024-2025 la urm\u0103toarele programe de formare profesional\u0103 \u00een baza studiilor gimnaziale, \u00een domeniul de educa\u021bie Inginerie \u0219i activit\u0103\u021bi inginere\u0219ti, Tehnologia informa\u021biei \u0219i a comunica\u021biilor: Codul \u0219i denumirea programului de studii (specialit\u0103\u021bii) Calificarea ob\u021binut\u0103 \u00een \u00eenv\u0103\u021b\u0103m\u00e2ntul profesional tehnic Durata studiilor [&hellip;]<\/p>\n","protected":false},"author":1,"featured_media":0,"parent":0,"menu_order":0,"comment_status":"closed","ping_status":"closed","template":"","meta":{"_uag_custom_page_level_css":"","footnotes":""},"class_list":["post-1637","page","type-page","status-publish","hentry"],"uagb_featured_image_src":{"full":false,"thumbnail":false,"medium":false,"medium_large":false,"large":false,"1536x1536":false,"2048x2048":false},"uagb_author_info":{"display_name":"admin","author_link":"https:\/\/cpbmd.info\/?author=1"},"uagb_comment_info":0,"uagb_excerpt":"Rezultatele admiterii \u00cenv\u0103\u021b\u0103m\u00e2ntul profesional tehnic I.P. Colegiul Politehnic din B\u0103l\u021bi anun\u021b\u0103 admiterea pentru anul de studii 2024-2025 la urm\u0103toarele programe de formare profesional\u0103 \u00een baza studiilor gimnaziale, \u00een domeniul de educa\u021bie Inginerie \u0219i activit\u0103\u021bi inginere\u0219ti, Tehnologia informa\u021biei \u0219i a comunica\u021biilor: Codul \u0219i denumirea programului de studii (specialit\u0103\u021bii) Calificarea ob\u021binut\u0103 \u00een \u00eenv\u0103\u021b\u0103m\u00e2ntul profesional tehnic Durata studiilor&hellip;","_links":{"self":[{"href":"https:\/\/cpbmd.info\/index.php?rest_route=\/wp\/v2\/pages\/1637","targetHints":{"allow":["GET"]}}],"collection":[{"href":"https:\/\/cpbmd.info\/index.php?rest_route=\/wp\/v2\/pages"}],"about":[{"href":"https:\/\/cpbmd.info\/index.php?rest_route=\/wp\/v2\/types\/page"}],"author":[{"embeddable":true,"href":"https:\/\/cpbmd.info\/index.php?rest_route=\/wp\/v2\/users\/1"}],"replies":[{"embeddable":true,"href":"https:\/\/cpbmd.info\/index.php?rest_route=%2Fwp%2Fv2%2Fcomments&post=1637"}],"version-history":[{"count":7,"href":"https:\/\/cpbmd.info\/index.php?rest_route=\/wp\/v2\/pages\/1637\/revisions"}],"predecessor-version":[{"id":1730,"href":"https:\/\/cpbmd.info\/index.php?rest_route=\/wp\/v2\/pages\/1637\/revisions\/1730"}],"wp:attachment":[{"href":"https:\/\/cpbmd.info\/index.php?rest_route=%2Fwp%2Fv2%2Fmedia&parent=1637"}],"curies":[{"name":"wp","href":"https:\/\/api.w.org\/{rel}","templated":true}]}}