{"id":1640,"date":"2026-02-10T13:52:38","date_gmt":"2026-02-10T11:52:38","guid":{"rendered":"https:\/\/cpbmd.info\/?page_id=1640"},"modified":"2026-02-11T21:21:04","modified_gmt":"2026-02-11T19:21:04","slug":"admiterea-2025","status":"publish","type":"page","link":"https:\/\/cpbmd.info\/?page_id=1640","title":{"rendered":"Admiterea 2025"},"content":{"rendered":"\n<p><strong>\ud83c\udf93 START ADMITERE 2025 \u2013 COLEGIUL POLITEHNIC DIN B\u0102L\u021aI! \ud83c\udf93<\/strong><br>Vrei o carier\u0103 de succes \u00eentr-o specialitate modern\u0103 \u0219i c\u0103utat\u0103 pe pia\u021ba muncii?<br>I.P. Colegiul Politehnic din B\u0103l\u021bi te a\u0219teapt\u0103 s\u0103 faci parte din genera\u021bia viitorului!<br>\ud83d\udcc5&nbsp;<strong>Admiterea \u00eencepe pe&nbsp;<u>21 iulie 2025<\/u>!<\/strong><\/p>\n\n\n\n<p>Nu rata \u0219ansa de a \u00eenv\u0103\u021ba, a inova \u0219i a reu\u0219i!<\/p>\n\n\n\n<div style=\"height:30px\" aria-hidden=\"true\" class=\"wp-block-spacer\"><\/div>\n\n\n\n<h2 class=\"wp-block-heading has-text-align-center\" id=\"aviz\"><strong>AVIZ<\/strong><\/h2>\n\n\n\n<h2 class=\"wp-block-heading has-text-align-center\" id=\"cazarea-elevilor-c3aen-cc483minul-instituc89bieianul-de-studii-2025-2026\"><strong>Cazarea elevilor \u00een c\u0103minul institu\u021biei<\/strong><br><strong>Anul de studii 2025-2026:<\/strong><\/h2>\n\n\n\n<p><strong>20.08.2024<\/strong>&nbsp;\u2013 Elevii \u00eenmatricula\u021bi la buget anul I: ora 8<sup>00<\/sup>\u2013 12<sup>00<\/sup><br><strong>20.08.2024<\/strong>&nbsp;\u2013 Elevii \u00eenmatricula\u021bi la contract anul I: ora 13<sup>00<\/sup>-16<sup>00<\/sup><br><strong>21.08.2024<\/strong>&nbsp;\u2013 Elevii anului II, III de studii: ora 8<sup>00<\/sup>\u2013 15<sup>00<\/sup><\/p>\n\n\n\n<p>Pentru a facilita acest proces v\u0103 rug\u0103m pe to\u021bi cei interesa\u021bi s\u0103 ave\u021bi buletinele de identitate \u00een original \u0219i taxa de cazare pentru primul semestru al anului de studii 2025-2026<\/p>\n\n\n\n<div style=\"height:30px\" aria-hidden=\"true\" class=\"wp-block-spacer\"><\/div>\n\n\n\n<h2 class=\"wp-block-heading has-text-align-center\" id=\"admiterea-c3aen-anul-i-de-studii-2025e280932026\"><strong>ADMITEREA \u00ceN ANUL I DE STUDII 2025\u20132026<\/strong><\/h2>\n\n\n\n<p><strong>Programe de formare profesional\u0103 tehnic\u0103 postsecundar\u0103<\/strong><br>Durata studiilor:&nbsp;<strong>4 ani<\/strong><br>Baza de admitere:&nbsp;<strong>certificatul de studii gimnaziale<\/strong><\/p>\n\n\n\n<p><strong>Programe de formare profesional\u0103 tehnic\u0103 prin \u00cenv\u0103\u021b\u0103m\u00e2nt Dual<\/strong><br>Durata studiilor:&nbsp;<strong>2 ani<\/strong><br>Baza de admitere:&nbsp;<strong>certificatul de studii liceale, atestatul de studii medii de cultur\u0103 general\u0103, certificatul de calificare conexe meseriei ini\u0163iale<\/strong><\/p>\n\n\n\n<div style=\"height:30px\" aria-hidden=\"true\" class=\"wp-block-spacer\"><\/div>\n\n\n\n<h5 class=\"wp-block-heading has-text-align-center\" id=\"perioada-de-depunere-a-actelor\"><strong>PERIOADA DE DEPUNERE A ACTELOR<\/strong><\/h5>\n\n\n\n<figure class=\"wp-block-table\"><table class=\"has-fixed-layout\"><tbody><tr><td class=\"has-text-align-center\" data-align=\"center\"><strong>Programe de formare profesional\u0103 tehnic\u0103 postsecundar\u0103<\/strong><\/td><td class=\"has-text-align-center\" data-align=\"center\"><strong>Turul I<\/strong><\/td><td class=\"has-text-align-center\" data-align=\"center\"><strong>Afi\u0219area rezultatelor turului I<\/strong><\/td><td class=\"has-text-align-center\" data-align=\"center\"><strong>Turul II<\/strong><\/td><td class=\"has-text-align-center\" data-align=\"center\"><strong>Afi\u0219area rezultatelor turului II<\/strong><\/td><\/tr><tr><td class=\"has-text-align-center\" data-align=\"center\">Nivelul IV ISCED<\/td><td class=\"has-text-align-center\" data-align=\"center\"><strong>21.07 \u2013 10.08.2025<\/strong><\/td><td class=\"has-text-align-center\" data-align=\"center\">11.08-12.08.2025, dup\u0103 ora 14:00<\/td><td class=\"has-text-align-center\" data-align=\"center\"><strong>13.08 \u2013 24.08.2025<\/strong>\u00a0<\/td><td class=\"has-text-align-center\" data-align=\"center\">25.08-26.08.2025, dup\u0103 ora 14:00<\/td><\/tr><\/tbody><\/table><\/figure>\n\n\n\n<div style=\"height:30px\" aria-hidden=\"true\" class=\"wp-block-spacer\"><\/div>\n\n\n\n<h5 class=\"wp-block-heading has-text-align-center\" id=\"modalitc483c89bi-de-participare-la-concursul-de-admitere\"><strong>Modalit\u0103\u021bi de participare la concursul de admitere<\/strong><\/h5>\n\n\n\n<p>Candida\u021bii au posibilitatea de a depune actele:<br>\u2013&nbsp;<strong>fizic<\/strong>, la Comisia de admitere a institu\u021biei, sau<br>\u2013&nbsp;<strong>online<\/strong>, de la distan\u021b\u0103, prin platforma&nbsp;<a href=\"https:\/\/eadmitere.sime.md\/\" target=\"_blank\" rel=\"noreferrer noopener\"><strong>e-Admitere<\/strong><\/a><\/p>\n\n\n\n<div style=\"height:15px\" aria-hidden=\"true\" class=\"wp-block-spacer\"><\/div>\n\n\n\n<p>Dup\u0103 accesarea platformei&nbsp;<a href=\"https:\/\/eadmitere.sime.md\/\" target=\"_blank\" rel=\"noreferrer noopener\"><strong>e-Admitere<\/strong><\/a>, urma\u021bi pa\u0219ii de mai jos:<\/p>\n\n\n\n<ol class=\"wp-block-list\">\n<li>Selecta\u021bi\u00a0<strong>Colegiul Politehnic din B\u0103l\u021bi\u00a0<\/strong>din lista institu\u021biilor.<\/li>\n\n\n\n<li>Alege\u021bi\u00a0<strong>specialitatea\u00a0<\/strong>pentru care dori\u021bi s\u0103 candida\u021bi.<\/li>\n\n\n\n<li>Completa\u021bi toate c\u00e2mpurile solicitate de platform\u0103 \u0219i\u00a0<strong>\u00eenc\u0103rca\u021bi documentele necesare<\/strong>\u00a0\u00een format digital.<\/li>\n<\/ol>\n\n\n\n<div style=\"height:15px\" aria-hidden=\"true\" class=\"wp-block-spacer\"><\/div>\n\n\n\n<p><em>Comisia de admitere va examina dosarul \u00een termen de&nbsp;<strong>maximum 5 zile lucr\u0103toare<\/strong>.<\/em><\/p>\n\n\n\n<p><em>Dac\u0103 toate documentele sunt corecte, dosarul va fi acceptat. \u00cen caz de neconformit\u0103\u021bi, candidatul va fi notificat pentru a corecta datele sau a \u00eenlocui fi\u0219ierele.<\/em><\/p>\n\n\n\n<div style=\"height:30px\" aria-hidden=\"true\" class=\"wp-block-spacer\"><\/div>\n\n\n\n<h5 class=\"wp-block-heading has-text-align-center\" id=\"programul-comisiei-de-admitere\"><strong>Programul Comisiei de Admitere<\/strong><\/h5>\n\n\n\n<p>\ud83d\udcc5 Zilele de lucru:&nbsp;<strong>luni \u2013 vineri<\/strong><br>\ud83d\udd52 Interval orar:&nbsp;<strong>08:00 \u2013 16:00<\/strong><\/p>\n\n\n\n<div style=\"height:30px\" aria-hidden=\"true\" class=\"wp-block-spacer\"><\/div>\n\n\n\n<h2 class=\"wp-block-heading has-text-align-center\" id=\"planul-de-c3aenmatriculare-pentru-anul-de-studii-2025-2026\">Planul de \u00eenmatriculare pentru anul de studii 2025-2026<\/h2>\n\n\n\n<figure class=\"wp-block-image size-full\"><img decoding=\"async\" width=\"1024\" height=\"629\" src=\"https:\/\/cpbmd.info\/wp-content\/uploads\/2026\/02\/plan-admiterea-25-1024x629-1.png\" alt=\"\" class=\"wp-image-1732\" srcset=\"https:\/\/cpbmd.info\/wp-content\/uploads\/2026\/02\/plan-admiterea-25-1024x629-1.png 1024w, https:\/\/cpbmd.info\/wp-content\/uploads\/2026\/02\/plan-admiterea-25-1024x629-1-300x184.png 300w, https:\/\/cpbmd.info\/wp-content\/uploads\/2026\/02\/plan-admiterea-25-1024x629-1-768x472.png 768w\" sizes=\"(max-width: 1024px) 100vw, 1024px\" \/><\/figure>\n\n\n\n<div style=\"height:30px\" aria-hidden=\"true\" class=\"wp-block-spacer\"><\/div>\n\n\n\n<h4 class=\"wp-block-heading has-text-align-center\">Concurs la programe de formare profesional\u0103 tehnic\u0103 postsecundar\u0103 integrate declarate vacante dup\u0103 un an de studiu \/ claselor a X-a de liceu<\/h4>\n\n\n\n<figure class=\"wp-block-image size-large\"><img decoding=\"async\" width=\"1024\" height=\"511\" src=\"https:\/\/cpbmd.info\/wp-content\/uploads\/2026\/02\/admitere-25-dupa-clasa-X-1024x511.png\" alt=\"\" class=\"wp-image-1733\" srcset=\"https:\/\/cpbmd.info\/wp-content\/uploads\/2026\/02\/admitere-25-dupa-clasa-X-1024x511.png 1024w, https:\/\/cpbmd.info\/wp-content\/uploads\/2026\/02\/admitere-25-dupa-clasa-X-300x150.png 300w, https:\/\/cpbmd.info\/wp-content\/uploads\/2026\/02\/admitere-25-dupa-clasa-X-768x383.png 768w, https:\/\/cpbmd.info\/wp-content\/uploads\/2026\/02\/admitere-25-dupa-clasa-X.png 1212w\" sizes=\"(max-width: 1024px) 100vw, 1024px\" \/><\/figure>\n\n\n\n<div style=\"height:30px\" aria-hidden=\"true\" class=\"wp-block-spacer\"><\/div>\n\n\n\n<h4 class=\"wp-block-heading has-text-align-center\">Taxa la programe de formare profesional\u0103 tehnic\u0103 postsecundar\u0103<\/h4>\n\n\n\n<figure class=\"wp-block-table is-style-regular\"><table class=\"has-fixed-layout\"><tbody><tr><td class=\"has-text-align-center\" data-align=\"center\"><strong>Nr. crt.<\/strong><\/td><td class=\"has-text-align-left\" data-align=\"left\"><strong>Programul de studii (Specialitatea)<\/strong><\/td><td class=\"has-text-align-center\" data-align=\"center\"><strong>Forma de \u00eenv\u0103\u021b\u0103m\u00e2nt<\/strong><\/td><td class=\"has-text-align-center\" data-align=\"center\"><strong>Tax\u0103 (MDL)<\/strong><\/td><\/tr><tr><td class=\"has-text-align-center\" data-align=\"center\">1<\/td><td class=\"has-text-align-left\" data-align=\"left\">Calculatoare<\/td><td class=\"has-text-align-center\" data-align=\"center\">Zi<\/td><td class=\"has-text-align-center\" data-align=\"center\">7900<\/td><\/tr><tr><td class=\"has-text-align-center\" data-align=\"center\">2<\/td><td class=\"has-text-align-left\" data-align=\"left\">Re\u021bele de Calculatoare<\/td><td class=\"has-text-align-center\" data-align=\"center\">Zi<\/td><td class=\"has-text-align-center\" data-align=\"center\">7900<\/td><\/tr><tr><td class=\"has-text-align-center\" data-align=\"center\">3<\/td><td class=\"has-text-align-left\" data-align=\"left\">Automatizarea \u0219i robotizarea proceselor tehnologice<\/td><td class=\"has-text-align-center\" data-align=\"center\">Zi<\/td><td class=\"has-text-align-center\" data-align=\"center\">7400<\/td><\/tr><tr><td class=\"has-text-align-center\" data-align=\"center\">4<\/td><td class=\"has-text-align-left\" data-align=\"left\">Metrologie \u0219i certificarea conformit\u0103\u021bii<\/td><td class=\"has-text-align-center\" data-align=\"center\">Zi<\/td><td class=\"has-text-align-center\" data-align=\"center\">7400<\/td><\/tr><tr><td class=\"has-text-align-center\" data-align=\"center\">5<\/td><td class=\"has-text-align-left\" data-align=\"left\">Electromecanic\u0103<\/td><td class=\"has-text-align-center\" data-align=\"center\">Zi<\/td><td class=\"has-text-align-center\" data-align=\"center\">6900<\/td><\/tr><tr><td class=\"has-text-align-center\" data-align=\"center\">6<\/td><td class=\"has-text-align-left\" data-align=\"left\">Programarea \u0219i testarea produselor program<\/td><td class=\"has-text-align-center\" data-align=\"center\">Zi<\/td><td class=\"has-text-align-center\" data-align=\"center\">8000<\/td><\/tr><tr><td class=\"has-text-align-center\" data-align=\"center\">7<\/td><td class=\"has-text-align-left\" data-align=\"left\">Mecatronic\u0103<\/td><td class=\"has-text-align-center\" data-align=\"center\">Zi<\/td><td class=\"has-text-align-center\" data-align=\"center\">8000<\/td><\/tr><\/tbody><\/table><\/figure>\n\n\n\n<div style=\"height:30px\" aria-hidden=\"true\" class=\"wp-block-spacer\"><\/div>\n\n\n\n<div class=\"wp-block-uagb-container uagb-block-36eca476 alignfull uagb-is-root-container\"><div class=\"uagb-container-inner-blocks-wrap\">\n<div class=\"wp-block-uagb-container uagb-block-d6de5e87\">\n<figure class=\"wp-block-image size-full\"><a href=\"https:\/\/eadmitere.sime.md\/\"><img decoding=\"async\" width=\"1024\" height=\"173\" src=\"https:\/\/cpbmd.info\/wp-content\/uploads\/2026\/02\/e-admitere-1024x173-1-1.png\" alt=\"\" class=\"wp-image-1707\" srcset=\"https:\/\/cpbmd.info\/wp-content\/uploads\/2026\/02\/e-admitere-1024x173-1-1.png 1024w, https:\/\/cpbmd.info\/wp-content\/uploads\/2026\/02\/e-admitere-1024x173-1-1-300x51.png 300w, https:\/\/cpbmd.info\/wp-content\/uploads\/2026\/02\/e-admitere-1024x173-1-1-768x130.png 768w\" sizes=\"(max-width: 1024px) 100vw, 1024px\" \/><\/a><\/figure>\n<\/div>\n\n\n\n<div class=\"wp-block-uagb-container uagb-block-84da3256\">\n<h1 class=\"wp-block-heading\"><a href=\"https:\/\/eadmitere.sime.md\/\">EADMITIRE.SIME.MD<\/a><\/h1>\n<\/div>\n<\/div><\/div>\n\n\n\n<div style=\"height:30px\" aria-hidden=\"true\" class=\"wp-block-spacer\"><\/div>\n\n\n\n<h2 class=\"wp-block-heading has-text-align-left\"><strong><em>Actele necesare:<\/em><\/strong><\/h2>\n\n\n\n<div class=\"wp-block-uagb-container uagb-block-409ae109 alignfull uagb-is-root-container\"><div class=\"uagb-container-inner-blocks-wrap\">\n<ul class=\"wp-block-list\">\n<li style=\"margin-top:var(--wp--preset--spacing--xx-small);margin-bottom:var(--wp--preset--spacing--xx-small);padding-top:var(--wp--preset--spacing--xx-small);padding-bottom:var(--wp--preset--spacing--xx-small)\"><strong><em>Actul de studii \u00een original cu anexa respectiv\u0103;<\/em><\/strong><\/li>\n\n\n\n<li style=\"margin-top:var(--wp--preset--spacing--xx-small);margin-bottom:var(--wp--preset--spacing--xx-small);padding-top:var(--wp--preset--spacing--xx-small);padding-bottom:var(--wp--preset--spacing--xx-small)\"><strong><em>Certificatul de na\u0219tere sau buletinul de identitate cu fi\u0219a de \u00eenso\u021bire a candidatului (copia \u0219i originalul);<\/em><\/strong><\/li>\n\n\n\n<li style=\"margin-top:var(--wp--preset--spacing--xx-small);margin-bottom:var(--wp--preset--spacing--xx-small);padding-top:var(--wp--preset--spacing--xx-small);padding-bottom:var(--wp--preset--spacing--xx-small)\"><strong><em>6 fotografii color 3\u00d74;<\/em><\/strong><\/li>\n\n\n\n<li style=\"margin-top:var(--wp--preset--spacing--xx-small);margin-bottom:var(--wp--preset--spacing--xx-small);padding-top:var(--wp--preset--spacing--xx-small);padding-bottom:var(--wp--preset--spacing--xx-small)\"><strong><em>Adeverin\u021b\u0103 de recrut pentru b\u0103ie\u021bi (copia \u0219i originalul).<\/em><\/strong><\/li>\n<\/ul>\n\n\n\n<h4 class=\"wp-block-heading\"><strong><em>Pentru \u00eenscriere la cota de 15%:<\/em><\/strong><\/h4>\n\n\n\n<ul class=\"wp-block-list\">\n<li><strong><strong>Acte ce confirm\u0103 statutul de copil orfan sau tutel\u0103, care atest\u0103 statutul (original);<\/strong><\/strong><\/li>\n\n\n\n<li><strong><strong>Acte ce confirm\u0103 deficien\u021be fizice sau senzoriale (original);<\/strong><\/strong><\/li>\n\n\n\n<li><strong>Certificat despre componen\u021ba familiei \u0219i copiile certificatelor de na\u0219tere ale copiilor (pentru candida\u021bii din familiile cu 4 \u0219i mai mul\u021bi copii);<\/strong><\/li>\n\n\n\n<li><strong>Legitima\u021bia ce confirm\u0103 participarea la Cernob\u00eel, Afganistan, Transnistria (original\/copia).<\/strong><\/li>\n<\/ul>\n<\/div><\/div>\n\n\n\n<div style=\"height:30px\" aria-hidden=\"true\" class=\"wp-block-spacer\"><\/div>\n\n\n\n<h3 class=\"wp-block-heading\"><strong><strong>Pentru mai multe informa\u021bii accesa\u021bi:<\/strong><\/strong><\/h3>\n\n\n\n<ul class=\"wp-block-list\">\n<li class=\"has-large-font-size\" style=\"margin-right:var(--wp--preset--spacing--small);margin-left:var(--wp--preset--spacing--small)\"><strong><a href=\"http:\/\/cpbmd.info\/wp-content\/uploads\/2026\/02\/Oferta_Colegiul-Politehnic-Balti_rom-2025.pdf\">\u00een limba rom\u00e2n\u0103<\/a><\/strong><\/li>\n\n\n\n<li class=\"has-large-font-size\" style=\"margin-right:var(--wp--preset--spacing--small);margin-left:var(--wp--preset--spacing--small)\"><a href=\"http:\/\/cpbmd.info\/wp-content\/uploads\/2026\/02\/Oferta_Colegiu-Politehnic-balti_rus-2025.pdf\" target=\"_blank\" rel=\"noreferrer noopener\"><strong>\u00een limba rus\u0103<\/strong><\/a><\/li>\n<\/ul>\n\n\n\n<div style=\"height:30px\" aria-hidden=\"true\" class=\"wp-block-spacer\"><\/div>\n\n\n\n<h5 class=\"wp-block-heading has-text-align-center\" id=\"regulamentul-de-organizare-c899i-desfc483c899urare-a-admiterii-la-programele-de-formare-profesionalc483-tehnicc483\"><a href=\"https:\/\/cpbmd.info\/?p=999\">REG de organizare \u015fi desf\u0103\u0219urare a admiterii la programele de formare profesional\u0103 tehnic\u0103<\/a><\/h5>\n\n\n\n<div style=\"height:30px\" aria-hidden=\"true\" class=\"wp-block-spacer\"><\/div>\n\n\n\n<h3 class=\"wp-block-heading\" id=\"oportunitc483c89bi\">Oportunit\u0103\u021bi:<\/h3>\n\n\n\n<ul class=\"wp-block-list\">\n<li><strong>Sus\u021binerea Bacalaureatului Na\u021bional;&nbsp;<\/strong><\/li>\n\n\n\n<li><strong>Stagii de practic\u0103 \u00een \u021bar\u0103 \u0219i peste hotare;<\/strong><\/li>\n\n\n\n<li><strong>Parteneriat cu agen\u021bi economici \u00een domeniul, de angajare \u00een c\u00e2mpul muncii;<\/strong><\/li>\n\n\n\n<li><strong>S\u0103li de calculatoare dotate cu echipament modern<\/strong>;<\/li>\n\n\n\n<li><strong>Taxe de studii moderate, cu achitarea \u00een rate;<\/strong><\/li>\n\n\n\n<li><strong>C\u0103min;<\/strong><\/li>\n\n\n\n<li><strong>Diverse activit\u0103\u021bi extracurriculare (cercuri tehnice,&nbsp;club de robotic\u0103);<\/strong><\/li>\n\n\n\n<li><strong>Sec\u021bii sportive, sal\u0103 \u0219i teren sportiv.<\/strong><\/li>\n<\/ul>\n\n\n\n<div style=\"height:30px\" aria-hidden=\"true\" class=\"wp-block-spacer\"><\/div>\n\n\n\n<h2 class=\"wp-block-heading\" id=\"contacte\"><strong><em><strong>Contacte<\/strong><\/em><\/strong><\/h2>\n\n\n\n<p><strong><em><strong>Adresa noastr\u0103:<\/strong><\/em>&nbsp;MD-3100 mun. B\u0103l\u021bi, str. I. Franco11, sectorul Dacia;<\/strong><\/p>\n\n\n\n<p><em><strong>Telefon de contact:<\/strong><\/em><\/p>\n\n\n\n<ul class=\"wp-block-list\">\n<li>Anticamera \u2013 0231-7-20-94;<\/li>\n\n\n\n<li>Comisia de admitere \u2013 0231-7-02-61<\/li>\n<\/ul>\n\n\n\n<p>Email: colegiulbalti@gmail.com;<\/p>\n\n\n\n<p><strong>Mai multe informa\u021bii&nbsp;pe pagina de Facebook: https:\/\/www.facebook.com\/coelgiulpolitehnicbalti<\/strong><\/p>\n\n\n\n<p><strong>Mai multe informa\u021bii pe pagina de&nbsp;<\/strong>TikTok:<\/p>\n\n\n\n<blockquote class=\"tiktok-embed\" cite=\"https:\/\/www.tiktok.com\/@colegiulpolitehnic\" data-unique-id=\"colegiulpolitehnic\" data-embed-type=\"creator\" style=\"max-width: 780px; min-width: 288px;\" > <section> <a target=\"_blank\" href=\"https:\/\/www.tiktok.com\/@colegiulpolitehnic?refer=creator_embed\">@colegiulpolitehnic<\/a> <\/section> <\/blockquote> <script async src=\"https:\/\/www.tiktok.com\/embed.js\"><\/script>\n\n\n\n<p><a href=\"https:\/\/cpbmd.info\/?p=1074\">REG de organizare \u015fi desf\u0103\u015furare a admiterii la programele de formare profesional\u0103 tehnic\u0103 din I.P. Colegiul Politehnic din B\u0103l\u0163i<\/a><\/p>\n","protected":false},"excerpt":{"rendered":"<p>\ud83c\udf93 START ADMITERE 2025 \u2013 COLEGIUL POLITEHNIC DIN B\u0102L\u021aI! \ud83c\udf93Vrei o carier\u0103 de succes \u00eentr-o specialitate modern\u0103 \u0219i c\u0103utat\u0103 pe pia\u021ba muncii?I.P. Colegiul Politehnic din B\u0103l\u021bi te a\u0219teapt\u0103 s\u0103 faci parte din genera\u021bia viitorului!\ud83d\udcc5&nbsp;Admiterea \u00eencepe pe&nbsp;21 iulie 2025! Nu rata \u0219ansa de a \u00eenv\u0103\u021ba, a inova \u0219i a reu\u0219i! AVIZ Cazarea elevilor \u00een c\u0103minul institu\u021bieiAnul [&hellip;]<\/p>\n","protected":false},"author":1,"featured_media":0,"parent":0,"menu_order":0,"comment_status":"closed","ping_status":"closed","template":"","meta":{"_uag_custom_page_level_css":"","footnotes":""},"class_list":["post-1640","page","type-page","status-publish","hentry"],"uagb_featured_image_src":{"full":false,"thumbnail":false,"medium":false,"medium_large":false,"large":false,"1536x1536":false,"2048x2048":false},"uagb_author_info":{"display_name":"admin","author_link":"https:\/\/cpbmd.info\/?author=1"},"uagb_comment_info":0,"uagb_excerpt":"\ud83c\udf93 START ADMITERE 2025 \u2013 COLEGIUL POLITEHNIC DIN B\u0102L\u021aI! \ud83c\udf93Vrei o carier\u0103 de succes \u00eentr-o specialitate modern\u0103 \u0219i c\u0103utat\u0103 pe pia\u021ba muncii?I.P. Colegiul Politehnic din B\u0103l\u021bi te a\u0219teapt\u0103 s\u0103 faci parte din genera\u021bia viitorului!\ud83d\udcc5&nbsp;Admiterea \u00eencepe pe&nbsp;21 iulie 2025! Nu rata \u0219ansa de a \u00eenv\u0103\u021ba, a inova \u0219i a reu\u0219i! AVIZ Cazarea elevilor \u00een c\u0103minul institu\u021bieiAnul&hellip;","_links":{"self":[{"href":"https:\/\/cpbmd.info\/index.php?rest_route=\/wp\/v2\/pages\/1640","targetHints":{"allow":["GET"]}}],"collection":[{"href":"https:\/\/cpbmd.info\/index.php?rest_route=\/wp\/v2\/pages"}],"about":[{"href":"https:\/\/cpbmd.info\/index.php?rest_route=\/wp\/v2\/types\/page"}],"author":[{"embeddable":true,"href":"https:\/\/cpbmd.info\/index.php?rest_route=\/wp\/v2\/users\/1"}],"replies":[{"embeddable":true,"href":"https:\/\/cpbmd.info\/index.php?rest_route=%2Fwp%2Fv2%2Fcomments&post=1640"}],"version-history":[{"count":2,"href":"https:\/\/cpbmd.info\/index.php?rest_route=\/wp\/v2\/pages\/1640\/revisions"}],"predecessor-version":[{"id":1737,"href":"https:\/\/cpbmd.info\/index.php?rest_route=\/wp\/v2\/pages\/1640\/revisions\/1737"}],"wp:attachment":[{"href":"https:\/\/cpbmd.info\/index.php?rest_route=%2Fwp%2Fv2%2Fmedia&parent=1640"}],"curies":[{"name":"wp","href":"https:\/\/api.w.org\/{rel}","templated":true}]}}