{"id":1773,"date":"2026-02-13T10:13:25","date_gmt":"2026-02-13T08:13:25","guid":{"rendered":"https:\/\/cpbmd.info\/?page_id=1773"},"modified":"2026-02-13T10:28:28","modified_gmt":"2026-02-13T08:28:28","slug":"proiecte","status":"publish","type":"page","link":"https:\/\/cpbmd.info\/?page_id=1773","title":{"rendered":"Proiecte"},"content":{"rendered":"\n<h2 class=\"wp-block-heading has-text-align-center\">COMUNICAT DE LANSARE<\/h2>\n\n\n\n<p>\u00cen cadrul proiectului de parteneriat educa\u021bional \u201eTeoria comunic\u0103rii \u2013 cheia succesului \u00een \u00eenv\u0103\u021b\u0103m\u00e2ntul dual\u201d, patru institu\u021bii partenere din \u00eenv\u0103\u021b\u0103m\u00e2ntul profesional tehnic &#8211; IP Colegiul de Inginerie din Str\u0103\u0219eni, IP Colegiul Economic \u201eGheorghe Chi\u021bu\u201d din Craiova, IP Colegiul Politehnic din B\u0103l\u021bi \u0219i IP Colegiul de Medicin\u0103 Veterinar\u0103 \u0219i Economie Agrar\u0103 din Br\u0103tu\u0219eni, \u00ee\u0219i unesc eforturile pentru consolidarea competen\u021belor de comunicare ale elevilor, contribuind astfel la formarea unor viitori speciali\u0219ti bine preg\u0103ti\u021bi \u0219i adapta\u021bi cerin\u021belor pie\u021bei muncii.<br>\u00cen aceast\u0103 ordine de idei, cele 4 institu\u021bii au semnat un Acord de colaborare pe o perioad\u0103 de 5 ani, angaj\u00e2ndu-se s\u0103 dezvolte evenimente educa\u021bionale<br>comune, precum activit\u0103\u021bi didactice, \u0219tiin\u021bifico-practice, de orientare profesional\u0103 \u0219i cultural\u0103 \u00eentre elevi \u0219i cadre didactice, mobilit\u0103\u021bi educa\u021bionale \u0219i mese rotunde na\u021bionale \u0219i interna\u021bionale, ateliere tematice interactive, centrate pe urm\u0103toarele domenii:<\/p>\n\n\n\n<ul class=\"wp-block-list\">\n<li>Ascultare \u0219i exprimare eficient\u0103;<\/li>\n\n\n\n<li>Comunicare institu\u021bional\u0103 \u0219i rela\u021bionare profesional\u0103. Rolul feedbackului;<\/li>\n\n\n\n<li>Abilit\u0103\u021bi de comunicare \u00een situa\u021bii de conflict;<\/li>\n\n\n\n<li>Comunicare pragmatic\u0103 \u0219i asertiv\u0103;<\/li>\n\n\n\n<li>Comunicare digital\u0103.<\/li>\n<\/ul>\n\n\n\n<p>Un rezultat important al acestui parteneriat \u00eel constituie implementarea unui Caiet de sarcini destinat elevilor din \u00eenv\u0103\u021b\u0103m\u00e2ntul dual, instrument care va sprijini dezvoltarea competen\u021belor de comunicare \u00een contexte reale de formare \u0219i practic\u0103 profesional\u0103.<\/p>\n\n\n\n<p>Prin aceast\u0103 ini\u021biativ\u0103, partenerii \u00ee\u0219i propun s\u0103 consolideze rela\u021bia dintre educa\u021bie \u0219i mediul profesional, promov\u00e2nd comunicarea drept element esen\u021bial al succesului \u00een formarea profesional\u0103 dual\u0103.<\/p>\n\n\n\n<div class=\"wp-block-group has-global-padding is-layout-constrained wp-container-core-group-is-layout-6af1d10c wp-block-group-is-layout-constrained\" style=\"padding-top:0;padding-bottom:var(--wp--preset--spacing--x-large)\">\n<div class=\"wp-block-columns is-layout-flex wp-container-core-columns-is-layout-867d1d8d wp-block-columns-is-layout-flex\">\n<div class=\"wp-block-column is-layout-flow wp-block-column-is-layout-flow\" style=\"flex-basis:66.66%\">\n<div class=\"wp-block-query alignwide is-layout-flow wp-block-query-is-layout-flow\"><ul class=\"wp-block-post-template is-layout-flow wp-container-core-post-template-is-layout-52117e4f wp-block-post-template-is-layout-flow\"><li class=\"wp-block-post post-2146 post type-post status-publish format-standard hentry category-despre_noi_proiecte\">\n\n<div class=\"wp-block-group is-style-bk-box-shadow has-pure-white-background-color has-background has-global-padding is-layout-constrained wp-container-core-group-is-layout-9a4c8acf wp-block-group-is-layout-constrained\" style=\"border-radius:6px;padding-top:var(--wp--preset--spacing--small);padding-right:var(--wp--preset--spacing--small);padding-bottom:var(--wp--preset--spacing--small);padding-left:var(--wp--preset--spacing--small)\">\n<div class=\"wp-block-group is-vertical is-layout-flex wp-container-core-group-is-layout-280109de wp-block-group-is-layout-flex\" style=\"margin-bottom:var(--wp--preset--spacing--small);padding-top:var(--wp--preset--spacing--x-small);padding-right:var(--wp--preset--spacing--x-small);padding-left:var(--wp--preset--spacing--x-small)\"><h4 style=\"margin-top:var(--wp--preset--spacing--xx-small);margin-bottom:var(--wp--preset--spacing--xx-small);\" class=\"wp-block-post-title has-text-color has-heading-color\"><a href=\"https:\/\/cpbmd.info\/?p=2146\" target=\"_self\" >\u201eLet\u2019s act for a livable future!\u201d ,,Agissons ensemble pour un avenir vivable!\u201d<\/a><\/h4><\/div>\n<\/div>\n\n<\/li><li class=\"wp-block-post post-2143 post type-post status-publish format-standard hentry category-despre_noi_proiecte\">\n\n<div class=\"wp-block-group is-style-bk-box-shadow has-pure-white-background-color has-background has-global-padding is-layout-constrained wp-container-core-group-is-layout-9a4c8acf wp-block-group-is-layout-constrained\" style=\"border-radius:6px;padding-top:var(--wp--preset--spacing--small);padding-right:var(--wp--preset--spacing--small);padding-bottom:var(--wp--preset--spacing--small);padding-left:var(--wp--preset--spacing--small)\">\n<div class=\"wp-block-group is-vertical is-layout-flex wp-container-core-group-is-layout-280109de wp-block-group-is-layout-flex\" style=\"margin-bottom:var(--wp--preset--spacing--small);padding-top:var(--wp--preset--spacing--x-small);padding-right:var(--wp--preset--spacing--x-small);padding-left:var(--wp--preset--spacing--x-small)\"><h4 style=\"margin-top:var(--wp--preset--spacing--xx-small);margin-bottom:var(--wp--preset--spacing--xx-small);\" class=\"wp-block-post-title has-text-color has-heading-color\"><a href=\"https:\/\/cpbmd.info\/?p=2143\" target=\"_self\" >Utilizarea aplica\u021biilor interactive pentru predarea competen\u021bei lingvistice la disciplina Limba Englez\u0103<\/a><\/h4><\/div>\n<\/div>\n\n<\/li><li class=\"wp-block-post post-2134 post type-post status-publish format-standard hentry category-despre_noi_proiecte\">\n\n<div class=\"wp-block-group is-style-bk-box-shadow has-pure-white-background-color has-background has-global-padding is-layout-constrained wp-container-core-group-is-layout-9a4c8acf wp-block-group-is-layout-constrained\" style=\"border-radius:6px;padding-top:var(--wp--preset--spacing--small);padding-right:var(--wp--preset--spacing--small);padding-bottom:var(--wp--preset--spacing--small);padding-left:var(--wp--preset--spacing--small)\">\n<div class=\"wp-block-group is-vertical is-layout-flex wp-container-core-group-is-layout-280109de wp-block-group-is-layout-flex\" style=\"margin-bottom:var(--wp--preset--spacing--small);padding-top:var(--wp--preset--spacing--x-small);padding-right:var(--wp--preset--spacing--x-small);padding-left:var(--wp--preset--spacing--x-small)\"><h4 style=\"margin-top:var(--wp--preset--spacing--xx-small);margin-bottom:var(--wp--preset--spacing--xx-small);\" class=\"wp-block-post-title has-text-color has-heading-color\"><a href=\"https:\/\/cpbmd.info\/?p=2134\" target=\"_self\" >Din m\u00e2inile me\u0219terilor populari \u00een sufletul tinerilor. Artizanat \u0219i Patrimoniu<\/a><\/h4><\/div>\n<\/div>\n\n<\/li><li class=\"wp-block-post post-2131 post type-post status-publish format-standard hentry category-despre_noi_proiecte\">\n\n<div class=\"wp-block-group is-style-bk-box-shadow has-pure-white-background-color has-background has-global-padding is-layout-constrained wp-container-core-group-is-layout-9a4c8acf wp-block-group-is-layout-constrained\" style=\"border-radius:6px;padding-top:var(--wp--preset--spacing--small);padding-right:var(--wp--preset--spacing--small);padding-bottom:var(--wp--preset--spacing--small);padding-left:var(--wp--preset--spacing--small)\">\n<div class=\"wp-block-group is-vertical is-layout-flex wp-container-core-group-is-layout-280109de wp-block-group-is-layout-flex\" style=\"margin-bottom:var(--wp--preset--spacing--small);padding-top:var(--wp--preset--spacing--x-small);padding-right:var(--wp--preset--spacing--x-small);padding-left:var(--wp--preset--spacing--x-small)\"><h4 style=\"margin-top:var(--wp--preset--spacing--xx-small);margin-bottom:var(--wp--preset--spacing--xx-small);\" class=\"wp-block-post-title has-text-color has-heading-color\"><a href=\"https:\/\/cpbmd.info\/?p=2131\" target=\"_self\" >STEAM: Patrimoniul cultural \u0219i geografic al Republicii Moldova \u2013 explorare digital\u0103 \u00een Google Earth<\/a><\/h4><\/div>\n<\/div>\n\n<\/li><li class=\"wp-block-post post-2128 post type-post status-publish format-standard hentry category-despre_noi_proiecte\">\n\n<div class=\"wp-block-group is-style-bk-box-shadow has-pure-white-background-color has-background has-global-padding is-layout-constrained wp-container-core-group-is-layout-9a4c8acf wp-block-group-is-layout-constrained\" style=\"border-radius:6px;padding-top:var(--wp--preset--spacing--small);padding-right:var(--wp--preset--spacing--small);padding-bottom:var(--wp--preset--spacing--small);padding-left:var(--wp--preset--spacing--small)\">\n<div class=\"wp-block-group is-vertical is-layout-flex wp-container-core-group-is-layout-280109de wp-block-group-is-layout-flex\" style=\"margin-bottom:var(--wp--preset--spacing--small);padding-top:var(--wp--preset--spacing--x-small);padding-right:var(--wp--preset--spacing--x-small);padding-left:var(--wp--preset--spacing--x-small)\"><h4 style=\"margin-top:var(--wp--preset--spacing--xx-small);margin-bottom:var(--wp--preset--spacing--xx-small);\" class=\"wp-block-post-title has-text-color has-heading-color\"><a href=\"https:\/\/cpbmd.info\/?p=2128\" target=\"_self\" >PATRIMONIUL CULTURAL NA\u021aIONAL CA RESURS\u0102 DE DEZVOLTARE DURABIL\u0102<\/a><\/h4><\/div>\n<\/div>\n\n<\/li><li class=\"wp-block-post post-2125 post type-post status-publish format-standard hentry category-despre_noi_proiecte\">\n\n<div class=\"wp-block-group is-style-bk-box-shadow has-pure-white-background-color has-background has-global-padding is-layout-constrained wp-container-core-group-is-layout-9a4c8acf wp-block-group-is-layout-constrained\" style=\"border-radius:6px;padding-top:var(--wp--preset--spacing--small);padding-right:var(--wp--preset--spacing--small);padding-bottom:var(--wp--preset--spacing--small);padding-left:var(--wp--preset--spacing--small)\">\n<div class=\"wp-block-group is-vertical is-layout-flex wp-container-core-group-is-layout-280109de wp-block-group-is-layout-flex\" style=\"margin-bottom:var(--wp--preset--spacing--small);padding-top:var(--wp--preset--spacing--x-small);padding-right:var(--wp--preset--spacing--x-small);padding-left:var(--wp--preset--spacing--x-small)\"><h4 style=\"margin-top:var(--wp--preset--spacing--xx-small);margin-bottom:var(--wp--preset--spacing--xx-small);\" class=\"wp-block-post-title has-text-color has-heading-color\"><a href=\"https:\/\/cpbmd.info\/?p=2125\" target=\"_self\" >DEZVOLTAREA ABILIT\u0102\u021aILOR DE VIA\u021a\u0102 \u0218I A COMPORTAMENTELOR S\u0102N\u0102TOASE \u00ceN R\u00c2NDUL ELEVILOR DIN \u00ceNV\u0102\u021a\u0102M\u00c2NTUL PROFESIONAL TEHNIC (\u00cePT) PENTRU O MAI BUN\u0102 PREG\u0102TIRE DE ANGAJARE \u00ceN C\u00c2MPUL MUNCII<\/a><\/h4><\/div>\n<\/div>\n\n<\/li><li class=\"wp-block-post post-2122 post type-post status-publish format-standard hentry category-despre_noi_proiecte\">\n\n<div class=\"wp-block-group is-style-bk-box-shadow has-pure-white-background-color has-background has-global-padding is-layout-constrained wp-container-core-group-is-layout-9a4c8acf wp-block-group-is-layout-constrained\" style=\"border-radius:6px;padding-top:var(--wp--preset--spacing--small);padding-right:var(--wp--preset--spacing--small);padding-bottom:var(--wp--preset--spacing--small);padding-left:var(--wp--preset--spacing--small)\">\n<div class=\"wp-block-group is-vertical is-layout-flex wp-container-core-group-is-layout-280109de wp-block-group-is-layout-flex\" style=\"margin-bottom:var(--wp--preset--spacing--small);padding-top:var(--wp--preset--spacing--x-small);padding-right:var(--wp--preset--spacing--x-small);padding-left:var(--wp--preset--spacing--x-small)\"><h4 style=\"margin-top:var(--wp--preset--spacing--xx-small);margin-bottom:var(--wp--preset--spacing--xx-small);\" class=\"wp-block-post-title has-text-color has-heading-color\"><a href=\"https:\/\/cpbmd.info\/?p=2122\" target=\"_self\" >Clubul de lectur\u0103: DESTINE din proza momentului<\/a><\/h4><\/div>\n<\/div>\n\n<\/li><li class=\"wp-block-post post-2119 post type-post status-publish format-standard hentry category-despre_noi_proiecte\">\n\n<div class=\"wp-block-group is-style-bk-box-shadow has-pure-white-background-color has-background has-global-padding is-layout-constrained wp-container-core-group-is-layout-9a4c8acf wp-block-group-is-layout-constrained\" style=\"border-radius:6px;padding-top:var(--wp--preset--spacing--small);padding-right:var(--wp--preset--spacing--small);padding-bottom:var(--wp--preset--spacing--small);padding-left:var(--wp--preset--spacing--small)\">\n<div class=\"wp-block-group is-vertical is-layout-flex wp-container-core-group-is-layout-280109de wp-block-group-is-layout-flex\" style=\"margin-bottom:var(--wp--preset--spacing--small);padding-top:var(--wp--preset--spacing--x-small);padding-right:var(--wp--preset--spacing--x-small);padding-left:var(--wp--preset--spacing--x-small)\"><h4 style=\"margin-top:var(--wp--preset--spacing--xx-small);margin-bottom:var(--wp--preset--spacing--xx-small);\" class=\"wp-block-post-title has-text-color has-heading-color\"><a href=\"https:\/\/cpbmd.info\/?p=2119\" target=\"_self\" >Costumul popular \u2013 povestea unui popor<\/a><\/h4><\/div>\n<\/div>\n\n<\/li><li class=\"wp-block-post post-2116 post type-post status-publish format-standard hentry category-despre_noi_proiecte\">\n\n<div class=\"wp-block-group is-style-bk-box-shadow has-pure-white-background-color has-background has-global-padding is-layout-constrained wp-container-core-group-is-layout-9a4c8acf wp-block-group-is-layout-constrained\" style=\"border-radius:6px;padding-top:var(--wp--preset--spacing--small);padding-right:var(--wp--preset--spacing--small);padding-bottom:var(--wp--preset--spacing--small);padding-left:var(--wp--preset--spacing--small)\">\n<div class=\"wp-block-group is-vertical is-layout-flex wp-container-core-group-is-layout-280109de wp-block-group-is-layout-flex\" style=\"margin-bottom:var(--wp--preset--spacing--small);padding-top:var(--wp--preset--spacing--x-small);padding-right:var(--wp--preset--spacing--x-small);padding-left:var(--wp--preset--spacing--x-small)\"><h4 style=\"margin-top:var(--wp--preset--spacing--xx-small);margin-bottom:var(--wp--preset--spacing--xx-small);\" class=\"wp-block-post-title has-text-color has-heading-color\"><a href=\"https:\/\/cpbmd.info\/?p=2116\" target=\"_self\" >ILO EcoImpact \u2013 Competen\u021be pentru tranzi\u021bia verde \u0219i dezvoltarea durabil\u0103\u201d EcoHub \u201eClub Ecologic pentru Educa\u021bie \u0219i Ac\u021biune Verde<\/a><\/h4><\/div>\n<\/div>\n\n<\/li><li class=\"wp-block-post post-1782 post type-post status-publish format-standard hentry category-despre_noi_proiecte\">\n\n<div class=\"wp-block-group is-style-bk-box-shadow has-pure-white-background-color has-background has-global-padding is-layout-constrained wp-container-core-group-is-layout-9a4c8acf wp-block-group-is-layout-constrained\" style=\"border-radius:6px;padding-top:var(--wp--preset--spacing--small);padding-right:var(--wp--preset--spacing--small);padding-bottom:var(--wp--preset--spacing--small);padding-left:var(--wp--preset--spacing--small)\">\n<div class=\"wp-block-group is-vertical is-layout-flex wp-container-core-group-is-layout-280109de wp-block-group-is-layout-flex\" style=\"margin-bottom:var(--wp--preset--spacing--small);padding-top:var(--wp--preset--spacing--x-small);padding-right:var(--wp--preset--spacing--x-small);padding-left:var(--wp--preset--spacing--x-small)\"><h4 style=\"margin-top:var(--wp--preset--spacing--xx-small);margin-bottom:var(--wp--preset--spacing--xx-small);\" class=\"wp-block-post-title has-text-color has-heading-color\"><a href=\"https:\/\/cpbmd.info\/?p=1782\" target=\"_self\" >Acord \u201eTeoria comunic\u0103rii \u2013 cheia succesului \u00een \u00eenv\u0103\u021b\u0103m\u00e2nt dual\u201d<\/a><\/h4><\/div>\n<\/div>\n\n<\/li><\/ul>\n\n<\/div>\n<\/div>\n\n\n\n<div class=\"wp-block-column is-layout-flow wp-block-column-is-layout-flow\" style=\"flex-basis:33.33%\"><div class=\"wp-block-template-part\">\n<div class=\"wp-block-group is-layout-flow wp-container-core-group-is-layout-360d14ef wp-block-group-is-layout-flow\">\n<div class=\"wp-block-group is-style-bk-box-shadow has-pure-white-background-color has-background is-layout-flow wp-block-group-is-layout-flow\" style=\"border-radius:6px;padding-top:var(--wp--preset--spacing--medium);padding-right:var(--wp--preset--spacing--medium);padding-bottom:var(--wp--preset--spacing--medium);padding-left:var(--wp--preset--spacing--medium)\"><form role=\"search\" method=\"get\" action=\"https:\/\/cpbmd.info\/\" class=\"wp-block-search__button-outside wp-block-search__icon-button wp-block-search\"    ><label class=\"wp-block-search__label screen-reader-text\" for=\"wp-block-search__input-1\" >Search<\/label><div class=\"wp-block-search__inside-wrapper\" ><input class=\"wp-block-search__input has-border-color has-outline-border-color\" id=\"wp-block-search__input-1\" placeholder=\"\" value=\"\" type=\"search\" name=\"s\" required \/><button aria-label=\"Search\" class=\"wp-block-search__button has-border-color has-outline-border-color has-icon wp-element-button\" type=\"submit\" ><svg class=\"search-icon\" viewBox=\"0 0 24 24\" width=\"24\" height=\"24\">\n\t\t\t\t\t<path d=\"M13 5c-3.3 0-6 2.7-6 6 0 1.4.5 2.7 1.3 3.7l-3.8 3.8 1.1 1.1 3.8-3.8c1 .8 2.3 1.3 3.7 1.3 3.3 0 6-2.7 6-6S16.3 5 13 5zm0 10.5c-2.5 0-4.5-2-4.5-4.5s2-4.5 4.5-4.5 4.5 2 4.5 4.5-2 4.5-4.5 4.5z\"><\/path>\n\t\t\t\t<\/svg><\/button><\/div><\/form><\/div>\n\n\n\n<div class=\"wp-block-group is-style-bk-box-shadow has-pure-white-background-color has-background is-layout-flow wp-block-group-is-layout-flow\" style=\"border-radius:6px;padding-top:var(--wp--preset--spacing--medium);padding-right:var(--wp--preset--spacing--medium);padding-bottom:var(--wp--preset--spacing--medium);padding-left:var(--wp--preset--spacing--medium)\">\n<h3 class=\"wp-block-heading has-large-font-size\">Social Links<\/h3>\n\n\n\n<ul class=\"wp-block-social-links has-normal-icon-size has-icon-color is-style-default is-content-justification-left is-layout-flex wp-container-core-social-links-is-layout-52916ee1 wp-block-social-links-is-layout-flex\"><li style=\"color:#ffffff;\" class=\"wp-social-link wp-social-link-facebook has-background-color wp-block-social-link\"><a rel=\"noopener nofollow\" target=\"_blank\" href=\"#\" class=\"wp-block-social-link-anchor\"><svg width=\"24\" height=\"24\" viewBox=\"0 0 24 24\" version=\"1.1\" xmlns=\"http:\/\/www.w3.org\/2000\/svg\" aria-hidden=\"true\" focusable=\"false\"><path d=\"M12 2C6.5 2 2 6.5 2 12c0 5 3.7 9.1 8.4 9.9v-7H7.9V12h2.5V9.8c0-2.5 1.5-3.9 3.8-3.9 1.1 0 2.2.2 2.2.2v2.5h-1.3c-1.2 0-1.6.8-1.6 1.6V12h2.8l-.4 2.9h-2.3v7C18.3 21.1 22 17 22 12c0-5.5-4.5-10-10-10z\"><\/path><\/svg><span class=\"wp-block-social-link-label screen-reader-text\">Facebook<\/span><\/a><\/li>\n\n<li style=\"color:#ffffff;\" class=\"wp-social-link wp-social-link-twitter has-background-color wp-block-social-link\"><a rel=\"noopener nofollow\" target=\"_blank\" href=\"#\" class=\"wp-block-social-link-anchor\"><svg width=\"24\" height=\"24\" viewBox=\"0 0 24 24\" version=\"1.1\" xmlns=\"http:\/\/www.w3.org\/2000\/svg\" aria-hidden=\"true\" focusable=\"false\"><path d=\"M22.23,5.924c-0.736,0.326-1.527,0.547-2.357,0.646c0.847-0.508,1.498-1.312,1.804-2.27 c-0.793,0.47-1.671,0.812-2.606,0.996C18.324,4.498,17.257,4,16.077,4c-2.266,0-4.103,1.837-4.103,4.103 c0,0.322,0.036,0.635,0.106,0.935C8.67,8.867,5.647,7.234,3.623,4.751C3.27,5.357,3.067,6.062,3.067,6.814 c0,1.424,0.724,2.679,1.825,3.415c-0.673-0.021-1.305-0.206-1.859-0.513c0,0.017,0,0.034,0,0.052c0,1.988,1.414,3.647,3.292,4.023 c-0.344,0.094-0.707,0.144-1.081,0.144c-0.264,0-0.521-0.026-0.772-0.074c0.522,1.63,2.038,2.816,3.833,2.85 c-1.404,1.1-3.174,1.756-5.096,1.756c-0.331,0-0.658-0.019-0.979-0.057c1.816,1.164,3.973,1.843,6.29,1.843 c7.547,0,11.675-6.252,11.675-11.675c0-0.178-0.004-0.355-0.012-0.531C20.985,7.47,21.68,6.747,22.23,5.924z\"><\/path><\/svg><span class=\"wp-block-social-link-label screen-reader-text\">Twitter<\/span><\/a><\/li>\n\n<li style=\"color:#ffffff;\" class=\"wp-social-link wp-social-link-linkedin has-background-color wp-block-social-link\"><a rel=\"noopener nofollow\" target=\"_blank\" href=\"#\" class=\"wp-block-social-link-anchor\"><svg width=\"24\" height=\"24\" viewBox=\"0 0 24 24\" version=\"1.1\" xmlns=\"http:\/\/www.w3.org\/2000\/svg\" aria-hidden=\"true\" focusable=\"false\"><path d=\"M19.7,3H4.3C3.582,3,3,3.582,3,4.3v15.4C3,20.418,3.582,21,4.3,21h15.4c0.718,0,1.3-0.582,1.3-1.3V4.3 C21,3.582,20.418,3,19.7,3z M8.339,18.338H5.667v-8.59h2.672V18.338z M7.004,8.574c-0.857,0-1.549-0.694-1.549-1.548 c0-0.855,0.691-1.548,1.549-1.548c0.854,0,1.547,0.694,1.547,1.548C8.551,7.881,7.858,8.574,7.004,8.574z M18.339,18.338h-2.669 v-4.177c0-0.996-0.017-2.278-1.387-2.278c-1.389,0-1.601,1.086-1.601,2.206v4.249h-2.667v-8.59h2.559v1.174h0.037 c0.356-0.675,1.227-1.387,2.526-1.387c2.703,0,3.203,1.779,3.203,4.092V18.338z\"><\/path><\/svg><span class=\"wp-block-social-link-label screen-reader-text\">LinkedIn<\/span><\/a><\/li>\n\n<li style=\"color:#ffffff;\" class=\"wp-social-link wp-social-link-instagram has-background-color wp-block-social-link\"><a rel=\"noopener nofollow\" target=\"_blank\" href=\"#\" class=\"wp-block-social-link-anchor\"><svg width=\"24\" height=\"24\" viewBox=\"0 0 24 24\" version=\"1.1\" xmlns=\"http:\/\/www.w3.org\/2000\/svg\" aria-hidden=\"true\" focusable=\"false\"><path d=\"M12,4.622c2.403,0,2.688,0.009,3.637,0.052c0.877,0.04,1.354,0.187,1.671,0.31c0.42,0.163,0.72,0.358,1.035,0.673 c0.315,0.315,0.51,0.615,0.673,1.035c0.123,0.317,0.27,0.794,0.31,1.671c0.043,0.949,0.052,1.234,0.052,3.637 s-0.009,2.688-0.052,3.637c-0.04,0.877-0.187,1.354-0.31,1.671c-0.163,0.42-0.358,0.72-0.673,1.035 c-0.315,0.315-0.615,0.51-1.035,0.673c-0.317,0.123-0.794,0.27-1.671,0.31c-0.949,0.043-1.233,0.052-3.637,0.052 s-2.688-0.009-3.637-0.052c-0.877-0.04-1.354-0.187-1.671-0.31c-0.42-0.163-0.72-0.358-1.035-0.673 c-0.315-0.315-0.51-0.615-0.673-1.035c-0.123-0.317-0.27-0.794-0.31-1.671C4.631,14.688,4.622,14.403,4.622,12 s0.009-2.688,0.052-3.637c0.04-0.877,0.187-1.354,0.31-1.671c0.163-0.42,0.358-0.72,0.673-1.035 c0.315-0.315,0.615-0.51,1.035-0.673c0.317-0.123,0.794-0.27,1.671-0.31C9.312,4.631,9.597,4.622,12,4.622 M12,3 C9.556,3,9.249,3.01,8.289,3.054C7.331,3.098,6.677,3.25,6.105,3.472C5.513,3.702,5.011,4.01,4.511,4.511 c-0.5,0.5-0.808,1.002-1.038,1.594C3.25,6.677,3.098,7.331,3.054,8.289C3.01,9.249,3,9.556,3,12c0,2.444,0.01,2.751,0.054,3.711 c0.044,0.958,0.196,1.612,0.418,2.185c0.23,0.592,0.538,1.094,1.038,1.594c0.5,0.5,1.002,0.808,1.594,1.038 c0.572,0.222,1.227,0.375,2.185,0.418C9.249,20.99,9.556,21,12,21s2.751-0.01,3.711-0.054c0.958-0.044,1.612-0.196,2.185-0.418 c0.592-0.23,1.094-0.538,1.594-1.038c0.5-0.5,0.808-1.002,1.038-1.594c0.222-0.572,0.375-1.227,0.418-2.185 C20.99,14.751,21,14.444,21,12s-0.01-2.751-0.054-3.711c-0.044-0.958-0.196-1.612-0.418-2.185c-0.23-0.592-0.538-1.094-1.038-1.594 c-0.5-0.5-1.002-0.808-1.594-1.038c-0.572-0.222-1.227-0.375-2.185-0.418C14.751,3.01,14.444,3,12,3L12,3z M12,7.378 c-2.552,0-4.622,2.069-4.622,4.622S9.448,16.622,12,16.622s4.622-2.069,4.622-4.622S14.552,7.378,12,7.378z M12,15 c-1.657,0-3-1.343-3-3s1.343-3,3-3s3,1.343,3,3S13.657,15,12,15z M16.804,6.116c-0.596,0-1.08,0.484-1.08,1.08 s0.484,1.08,1.08,1.08c0.596,0,1.08-0.484,1.08-1.08S17.401,6.116,16.804,6.116z\"><\/path><\/svg><span class=\"wp-block-social-link-label screen-reader-text\">Instagram<\/span><\/a><\/li><\/ul>\n<\/div>\n<\/div>\n<\/div><\/div>\n<\/div>\n<\/div>\n","protected":false},"excerpt":{"rendered":"<p>COMUNICAT DE LANSARE \u00cen cadrul proiectului de parteneriat educa\u021bional \u201eTeoria comunic\u0103rii \u2013 cheia succesului \u00een \u00eenv\u0103\u021b\u0103m\u00e2ntul dual\u201d, patru institu\u021bii partenere din \u00eenv\u0103\u021b\u0103m\u00e2ntul profesional tehnic &#8211; IP Colegiul de Inginerie din Str\u0103\u0219eni, IP Colegiul Economic \u201eGheorghe Chi\u021bu\u201d din Craiova, IP Colegiul Politehnic din B\u0103l\u021bi \u0219i IP Colegiul de Medicin\u0103 Veterinar\u0103 \u0219i Economie Agrar\u0103 din Br\u0103tu\u0219eni, \u00ee\u0219i [&hellip;]<\/p>\n","protected":false},"author":1,"featured_media":0,"parent":0,"menu_order":0,"comment_status":"closed","ping_status":"closed","template":"","meta":{"_uag_custom_page_level_css":"","footnotes":""},"class_list":["post-1773","page","type-page","status-publish","hentry"],"uagb_featured_image_src":{"full":false,"thumbnail":false,"medium":false,"medium_large":false,"large":false,"1536x1536":false,"2048x2048":false},"uagb_author_info":{"display_name":"admin","author_link":"https:\/\/cpbmd.info\/?author=1"},"uagb_comment_info":0,"uagb_excerpt":"COMUNICAT DE LANSARE \u00cen cadrul proiectului de parteneriat educa\u021bional \u201eTeoria comunic\u0103rii \u2013 cheia succesului \u00een \u00eenv\u0103\u021b\u0103m\u00e2ntul dual\u201d, patru institu\u021bii partenere din \u00eenv\u0103\u021b\u0103m\u00e2ntul profesional tehnic &#8211; IP Colegiul de Inginerie din Str\u0103\u0219eni, IP Colegiul Economic \u201eGheorghe Chi\u021bu\u201d din Craiova, IP Colegiul Politehnic din B\u0103l\u021bi \u0219i IP Colegiul de Medicin\u0103 Veterinar\u0103 \u0219i Economie Agrar\u0103 din Br\u0103tu\u0219eni, \u00ee\u0219i&hellip;","_links":{"self":[{"href":"https:\/\/cpbmd.info\/index.php?rest_route=\/wp\/v2\/pages\/1773","targetHints":{"allow":["GET"]}}],"collection":[{"href":"https:\/\/cpbmd.info\/index.php?rest_route=\/wp\/v2\/pages"}],"about":[{"href":"https:\/\/cpbmd.info\/index.php?rest_route=\/wp\/v2\/types\/page"}],"author":[{"embeddable":true,"href":"https:\/\/cpbmd.info\/index.php?rest_route=\/wp\/v2\/users\/1"}],"replies":[{"embeddable":true,"href":"https:\/\/cpbmd.info\/index.php?rest_route=%2Fwp%2Fv2%2Fcomments&post=1773"}],"version-history":[{"count":3,"href":"https:\/\/cpbmd.info\/index.php?rest_route=\/wp\/v2\/pages\/1773\/revisions"}],"predecessor-version":[{"id":1779,"href":"https:\/\/cpbmd.info\/index.php?rest_route=\/wp\/v2\/pages\/1773\/revisions\/1779"}],"wp:attachment":[{"href":"https:\/\/cpbmd.info\/index.php?rest_route=%2Fwp%2Fv2%2Fmedia&parent=1773"}],"curies":[{"name":"wp","href":"https:\/\/api.w.org\/{rel}","templated":true}]}}