{"id":2030,"date":"2026-03-06T12:28:34","date_gmt":"2026-03-06T10:28:34","guid":{"rendered":"https:\/\/cpbmd.info\/?page_id=2030"},"modified":"2026-03-06T12:45:25","modified_gmt":"2026-03-06T10:45:25","slug":"mesajul-directorului","status":"publish","type":"page","link":"https:\/\/cpbmd.info\/?page_id=2030","title":{"rendered":"MESAJUL DIRECTORULUI"},"content":{"rendered":"\n<p>Dragi vizitatori,<\/p>\n\n\n\n<p>IP Colegiul Politehnic din B\u0103l\u021bi, institu\u021bie de referin\u021b\u0103 a \u00eenv\u0103\u021b\u0103m\u00e2ntului profesional tehnic din Republica Moldova, \u00ee\u0219i are r\u0103d\u0103cinile \u00eentr-o tradi\u021bie solid\u0103, fondat\u0103 din anul 1964. De-a lungul timpului, colegiul a confirmat consecven\u021ba, responsabilitatea \u0219i deschiderea c\u0103tre inovare, contribuind la formarea genera\u021biilor de speciali\u0219ti competen\u021bi, aprecia\u021bi pe pia\u021ba muncii.<\/p>\n\n\n\n<p>Misiunea institu\u021biei const\u0103 \u00een formarea \u0219i dezvoltarea profesional\u0103 ini\u021bial\u0103 a speciali\u0219tilor competen\u021bi \u0219i competitivi \u00een domeniul profesional tehnic, oferind servicii educa\u021bionale de calitate, \u00een parteneriat \u0219i cooperare cu agen\u021bii economici, pentru dezvoltarea personalit\u0103\u021bilor cu spitrit de ini\u021biativ\u0103, g\u00e2ndire flexibil\u0103, capacit\u0103\u021bi de autodezvoltare \u0219i cu competen\u021be necesare pentru a se integra pe pia\u021ba muncii.<\/p>\n\n\n\n<p>&nbsp;Programele de studii sunt permanent actualizate \u0219i adaptate dinamicii actuale a mediului socio-economic, astfel \u00eenc\u00e2t absolven\u021bii no\u0219tri s\u0103 fie competitivi, flexibili \u0219i preg\u0103ti\u021bi s\u0103 se integreze \u00eentr-un mediu profesional dinamic. Oferta educa\u021bional\u0103 a Colegiului Politehnic din B\u0103l\u021bi este structurat\u0103 pe domenii tehnice moderne, care includ tehnologiile informa\u021bionale, automatiz\u0103rile industriale, ingineria mecanic\u0103 \u0219i electric\u0103, metrologia, precum \u0219i programe de formare profesional\u0103 \u00een regim dual.<\/p>\n\n\n\n<p>Colegiul Politehnic din B\u0103l\u021bi se afl\u0103 \u00eentr-un proces continuu de modernizare \u0219i digitalizare, urm\u0103rind integrarea treptat\u0103 a inova\u021biei \u0219i a principiilor dezvolt\u0103rii durabile \u00een procesul educa\u021bional. Parteneriatele solide cu mediul economic, institu\u021biile educa\u021bionale \u0219i organiza\u021biile de prestigiu contribuie \u00een mod esen\u021bial la crearea unor oportunit\u0103\u021bi reale de formare practic\u0103 \u0219i de dezvoltare profesional\u0103 pentru elevii no\u0219tri. Succesul institu\u021biei noastre este rezultatul implic\u0103rii unei comunit\u0103\u021bi academice dedicate \u2013 elevi, cadre didactice, personal auxiliar, absolven\u021bi \u0219i parteneri \u2013 care, prin colaborare, responsabilitate \u0219i profesionalism, contribuie la crearea unui mediu educa\u021bional deschis, stabil \u0219i orientat spre viitor.<\/p>\n\n\n\n<p>\u00cen acest context, fiecare elev are oportunitatea de a-\u0219i valorifica poten\u021bialul, de a-\u0219i dezvolta competen\u021bele \u0219i creativitatea, precum \u0219i de a-\u0219i construi un parcurs profesional sustenabil.<\/p>\n\n\n\n<p>V\u0103 invit cu \u00eencredere s\u0103 descoperi\u021bi IP Colegiul Politehnic din B\u0103l\u021bi \u0219i s\u0103 deveni\u021bi parte a comunit\u0103\u021bii noastre academice \u2013 o comunitate care investe\u0219te constant \u00een educa\u021bie, inova\u021bie \u0219i oameni.<\/p>\n\n\n\n<p class=\"has-text-align-left\"><strong>Cu considera\u021bie,<\/strong><br><strong>Director, Liudmila CRAI\u021aMAN<\/strong><br><em>IP Colegiul Politehnic din B\u0103l\u021bi<\/em><\/p>\n","protected":false},"excerpt":{"rendered":"<p>Dragi vizitatori, IP Colegiul Politehnic din B\u0103l\u021bi, institu\u021bie de referin\u021b\u0103 a \u00eenv\u0103\u021b\u0103m\u00e2ntului profesional tehnic din Republica Moldova, \u00ee\u0219i are r\u0103d\u0103cinile \u00eentr-o tradi\u021bie solid\u0103, fondat\u0103 din anul 1964. De-a lungul timpului, colegiul a confirmat consecven\u021ba, responsabilitatea \u0219i deschiderea c\u0103tre inovare, contribuind la formarea genera\u021biilor de speciali\u0219ti competen\u021bi, aprecia\u021bi pe pia\u021ba muncii. Misiunea institu\u021biei const\u0103 \u00een formarea [&hellip;]<\/p>\n","protected":false},"author":1,"featured_media":0,"parent":0,"menu_order":0,"comment_status":"closed","ping_status":"closed","template":"","meta":{"_uag_custom_page_level_css":"","footnotes":""},"class_list":["post-2030","page","type-page","status-publish","hentry"],"uagb_featured_image_src":{"full":false,"thumbnail":false,"medium":false,"medium_large":false,"large":false,"1536x1536":false,"2048x2048":false},"uagb_author_info":{"display_name":"admin","author_link":"https:\/\/cpbmd.info\/?author=1"},"uagb_comment_info":0,"uagb_excerpt":"Dragi vizitatori, IP Colegiul Politehnic din B\u0103l\u021bi, institu\u021bie de referin\u021b\u0103 a \u00eenv\u0103\u021b\u0103m\u00e2ntului profesional tehnic din Republica Moldova, \u00ee\u0219i are r\u0103d\u0103cinile \u00eentr-o tradi\u021bie solid\u0103, fondat\u0103 din anul 1964. De-a lungul timpului, colegiul a confirmat consecven\u021ba, responsabilitatea \u0219i deschiderea c\u0103tre inovare, contribuind la formarea genera\u021biilor de speciali\u0219ti competen\u021bi, aprecia\u021bi pe pia\u021ba muncii. Misiunea institu\u021biei const\u0103 \u00een formarea&hellip;","_links":{"self":[{"href":"https:\/\/cpbmd.info\/index.php?rest_route=\/wp\/v2\/pages\/2030","targetHints":{"allow":["GET"]}}],"collection":[{"href":"https:\/\/cpbmd.info\/index.php?rest_route=\/wp\/v2\/pages"}],"about":[{"href":"https:\/\/cpbmd.info\/index.php?rest_route=\/wp\/v2\/types\/page"}],"author":[{"embeddable":true,"href":"https:\/\/cpbmd.info\/index.php?rest_route=\/wp\/v2\/users\/1"}],"replies":[{"embeddable":true,"href":"https:\/\/cpbmd.info\/index.php?rest_route=%2Fwp%2Fv2%2Fcomments&post=2030"}],"version-history":[{"count":2,"href":"https:\/\/cpbmd.info\/index.php?rest_route=\/wp\/v2\/pages\/2030\/revisions"}],"predecessor-version":[{"id":2054,"href":"https:\/\/cpbmd.info\/index.php?rest_route=\/wp\/v2\/pages\/2030\/revisions\/2054"}],"wp:attachment":[{"href":"https:\/\/cpbmd.info\/index.php?rest_route=%2Fwp%2Fv2%2Fmedia&parent=2030"}],"curies":[{"name":"wp","href":"https:\/\/api.w.org\/{rel}","templated":true}]}}