{"id":2033,"date":"2026-03-06T12:30:50","date_gmt":"2026-03-06T10:30:50","guid":{"rendered":"https:\/\/cpbmd.info\/?page_id=2033"},"modified":"2026-03-06T12:47:47","modified_gmt":"2026-03-06T10:47:47","slug":"istoria","status":"publish","type":"page","link":"https:\/\/cpbmd.info\/?page_id=2033","title":{"rendered":"ISTORIA"},"content":{"rendered":"\n<h2 class=\"wp-block-heading\" id=\"istoricul-instituc89biei\"><strong>Istoricul institu\u021biei<\/strong><\/h2>\n\n\n\n<p>Tehnicumul Politehnic din B\u0103l\u021bi, a fost \u00eenfiin\u0163at prin Hot\u0103r\u00e2rea Sovietului Mini\u0219trilor al R.S.S.M nr.208 din 13 mai 1964, subordonat Sovnarhozului R.S.S.M.. \u00cen conformitate cu Hot\u0103r\u00e2rea Sovietului Mini\u015ftrilor al R.S.S.M. nr.39 din 20 ianuarie 1966 Tehnicumul Politehnic din B\u0103l\u0163i a trecut \u00een subordinea unional\u0103 a Ministerului Industriei Construc\u0163iilor Navale al U.R.S.S. \u00cen conformitate cu Hot\u0103r\u00e2rea Guvernului Republicii Moldova \u201eCu privire la reorganizarea \u015fi trecerea unor institu\u0163ii ale \u00eenv\u0103\u0163\u0103m\u00e2ntului mediu de specialitate \u00een jurisdic\u0163ia Republicii Moldova\u201d nr.736 din 30.12.1991 Tehnicumul Politehnic din B\u0103l\u0163i a fost trecut din cadrul Ministerului Industriei Construc\u0163iilor Navale al U.R.S.S. \u00een subordinea Ministerului \u015etiin\u0163ei \u015fi \u00cenv\u0103\u0163\u0103m\u00e2ntului al Republicii Moldova \u015fi Ministerului Industriei \u015fi Energeticii al Republicii Moldova, cu reorganizarea lui \u00een Colegiul Politehnic din or. B\u0103l\u0163i de la 01.07.1992.<\/p>\n\n\n\n<p>Prin Hot\u0103r\u00e2rea Guvernului Republicii Moldova nr. 148 din 02.03.1995 Colegiul Politehnic din or. B\u0103l\u0163i este transmis de la balan\u0163a Ministerului Industriei la balan\u0163a Ministerului \u00cenv\u0103\u0163\u0103m\u00e2ntului al Republicii Moldova. Prin Legea Nr.237-XV din 13 iunie 2003 Colegiul Politehnic din mun. B\u0103l\u0163i ob\u0163ine statut de institu\u0163ie de \u00eenv\u0103\u0163\u0103m\u00e2nt mediu de specialitate. \u00cen conformitate cu Codul Educa\u021biei nr.152 din 17 iulie 2014 (MO al RM, 2014, nr.319-324, art.634) \u0219i aprobat prin ordinul Ministrului Educa\u0163iei nr. 550 din 10 iunie 2015 (MO al RM, 2015, nr. 206-210, art. 1362). Colegiul Politehnic din mun. B\u0103l\u0163i ob\u0163ine statut de institu\u0163ie de \u00eenv\u0103\u0163\u0103m\u00e2nt profesional tehnic postsecndar \u0219i postsecndar nonter\u021biar, nivelurile IV \u0219i V ISCED. Colegiul a fost acreditat: certificatul de acreditare AC nr. 0010, reacreditat \u00een 2020, Certificat de evaluare extern\u0103 a calit\u0103\u021bii<br>seria \u00cePT nr. 0032-20. Colegiul Politehnic din mun. B\u0103l\u0163i este o institu\u0163ie de \u00eenv\u0103\u0163\u0103m\u00eent profesional tehnic postsecundar \u0219i postsecndar nonter\u021biar, care asigur\u0103 preg\u0103tirea cadrelor de specialitate pentru economia na\u0163ional\u0103 \u00een domeniile: Mecanic\u0103 \u0219i prelucrarea metalelor; Tehnologia informa\u021biei \u0219i a comunica\u021biilor; Electrotehnic\u0103 \u0219i energetic\u0103; Electronic\u0103 \u0219i automatic\u0103.<\/p>\n\n\n\n<h2 class=\"wp-block-heading\" id=\"dezvoltare-c899i-inovac89bie\"><strong>Dezvoltare \u0219i Inova\u021bie<\/strong><\/h2>\n\n\n\n<p><strong>\u2800\u2800\u2800<\/strong>&nbsp;Din 2015, Colegiul s-a concentrat pe inova\u021bii \u0219i schimb\u0103ri strategice, implement\u00e2nd Sistemul de Credite de Studii Transferabile bazat pe modelul european ECVET. Aceasta promoveaz\u0103 mobilitatea elevilor \u0219i a cadrelor didactice, oferind \u00een acela\u0219i timp un curriculum adaptat la cerin\u021bele \u0219i standardele europene. Noile planuri de \u00eenv\u0103\u021b\u0103m\u00e2nt sunt elaborate \u00een conformitate cu Cadrul Na\u021bional al Calific\u0103rilor, reflect\u00e2nd abord\u0103ri moderne \u0219i \u0219tiin\u021bifice \u00een educa\u021bie.<\/p>\n\n\n\n<figure class=\"wp-block-image size-large\"><img decoding=\"async\" width=\"1024\" height=\"575\" src=\"https:\/\/cpbmd.info\/wp-content\/uploads\/2026\/03\/cpbmd-edited-1024x575.jpg\" alt=\"\" class=\"wp-image-2055\" srcset=\"https:\/\/cpbmd.info\/wp-content\/uploads\/2026\/03\/cpbmd-edited-1024x575.jpg 1024w, https:\/\/cpbmd.info\/wp-content\/uploads\/2026\/03\/cpbmd-edited-300x168.jpg 300w, https:\/\/cpbmd.info\/wp-content\/uploads\/2026\/03\/cpbmd-edited-768x431.jpg 768w, https:\/\/cpbmd.info\/wp-content\/uploads\/2026\/03\/cpbmd-edited-1536x862.jpg 1536w, https:\/\/cpbmd.info\/wp-content\/uploads\/2026\/03\/cpbmd-edited.jpg 1943w\" sizes=\"(max-width: 1024px) 100vw, 1024px\" \/><\/figure>\n\n\n\n<p><\/p>\n","protected":false},"excerpt":{"rendered":"<p>Istoricul institu\u021biei Tehnicumul Politehnic din B\u0103l\u021bi, a fost \u00eenfiin\u0163at prin Hot\u0103r\u00e2rea Sovietului Mini\u0219trilor al R.S.S.M nr.208 din 13 mai 1964, subordonat Sovnarhozului R.S.S.M.. \u00cen conformitate cu Hot\u0103r\u00e2rea Sovietului Mini\u015ftrilor al R.S.S.M. nr.39 din 20 ianuarie 1966 Tehnicumul Politehnic din B\u0103l\u0163i a trecut \u00een subordinea unional\u0103 a Ministerului Industriei Construc\u0163iilor Navale al U.R.S.S. \u00cen conformitate cu [&hellip;]<\/p>\n","protected":false},"author":1,"featured_media":0,"parent":0,"menu_order":0,"comment_status":"closed","ping_status":"closed","template":"","meta":{"_uag_custom_page_level_css":"","footnotes":""},"class_list":["post-2033","page","type-page","status-publish","hentry"],"uagb_featured_image_src":{"full":false,"thumbnail":false,"medium":false,"medium_large":false,"large":false,"1536x1536":false,"2048x2048":false},"uagb_author_info":{"display_name":"admin","author_link":"https:\/\/cpbmd.info\/?author=1"},"uagb_comment_info":0,"uagb_excerpt":"Istoricul institu\u021biei Tehnicumul Politehnic din B\u0103l\u021bi, a fost \u00eenfiin\u0163at prin Hot\u0103r\u00e2rea Sovietului Mini\u0219trilor al R.S.S.M nr.208 din 13 mai 1964, subordonat Sovnarhozului R.S.S.M.. \u00cen conformitate cu Hot\u0103r\u00e2rea Sovietului Mini\u015ftrilor al R.S.S.M. nr.39 din 20 ianuarie 1966 Tehnicumul Politehnic din B\u0103l\u0163i a trecut \u00een subordinea unional\u0103 a Ministerului Industriei Construc\u0163iilor Navale al U.R.S.S. \u00cen conformitate cu&hellip;","_links":{"self":[{"href":"https:\/\/cpbmd.info\/index.php?rest_route=\/wp\/v2\/pages\/2033","targetHints":{"allow":["GET"]}}],"collection":[{"href":"https:\/\/cpbmd.info\/index.php?rest_route=\/wp\/v2\/pages"}],"about":[{"href":"https:\/\/cpbmd.info\/index.php?rest_route=\/wp\/v2\/types\/page"}],"author":[{"embeddable":true,"href":"https:\/\/cpbmd.info\/index.php?rest_route=\/wp\/v2\/users\/1"}],"replies":[{"embeddable":true,"href":"https:\/\/cpbmd.info\/index.php?rest_route=%2Fwp%2Fv2%2Fcomments&post=2033"}],"version-history":[{"count":2,"href":"https:\/\/cpbmd.info\/index.php?rest_route=\/wp\/v2\/pages\/2033\/revisions"}],"predecessor-version":[{"id":2057,"href":"https:\/\/cpbmd.info\/index.php?rest_route=\/wp\/v2\/pages\/2033\/revisions\/2057"}],"wp:attachment":[{"href":"https:\/\/cpbmd.info\/index.php?rest_route=%2Fwp%2Fv2%2Fmedia&parent=2033"}],"curies":[{"name":"wp","href":"https:\/\/api.w.org\/{rel}","templated":true}]}}