{"id":2296,"date":"2026-05-06T10:00:51","date_gmt":"2026-05-06T07:00:51","guid":{"rendered":"https:\/\/cpbmd.info\/?page_id=2296"},"modified":"2026-05-06T10:50:08","modified_gmt":"2026-05-06T07:50:08","slug":"dmiterea-2026","status":"publish","type":"page","link":"https:\/\/cpbmd.info\/?page_id=2296","title":{"rendered":"Admiterea 2026"},"content":{"rendered":"\n<figure class=\"wp-block-image aligncenter size-large\"><img decoding=\"async\" width=\"1024\" height=\"722\" src=\"https:\/\/cpbmd.info\/wp-content\/uploads\/2026\/05\/\u0438\u0437\u043e\u0431\u0440\u0430\u0436\u0435\u043d\u0438\u0435_viber_2026-04-29_10-33-21-525-1024x722.jpg\" alt=\"\" class=\"wp-image-2305\" srcset=\"https:\/\/cpbmd.info\/wp-content\/uploads\/2026\/05\/\u0438\u0437\u043e\u0431\u0440\u0430\u0436\u0435\u043d\u0438\u0435_viber_2026-04-29_10-33-21-525-1024x722.jpg 1024w, https:\/\/cpbmd.info\/wp-content\/uploads\/2026\/05\/\u0438\u0437\u043e\u0431\u0440\u0430\u0436\u0435\u043d\u0438\u0435_viber_2026-04-29_10-33-21-525-300x211.jpg 300w, https:\/\/cpbmd.info\/wp-content\/uploads\/2026\/05\/\u0438\u0437\u043e\u0431\u0440\u0430\u0436\u0435\u043d\u0438\u0435_viber_2026-04-29_10-33-21-525-768x541.jpg 768w, https:\/\/cpbmd.info\/wp-content\/uploads\/2026\/05\/\u0438\u0437\u043e\u0431\u0440\u0430\u0436\u0435\u043d\u0438\u0435_viber_2026-04-29_10-33-21-525.jpg 1280w\" sizes=\"(max-width: 1024px) 100vw, 1024px\" \/><\/figure>\n\n\n\n<div class=\"wp-block-uagb-container uagb-block-36eca476 alignfull uagb-is-root-container\"><div class=\"uagb-container-inner-blocks-wrap\">\n<div class=\"wp-block-uagb-container uagb-block-d6de5e87\">\n<figure class=\"wp-block-image size-full\"><a href=\"https:\/\/eadmitere.sime.md\/\"><img decoding=\"async\" width=\"1024\" height=\"173\" src=\"https:\/\/cpbmd.info\/wp-content\/uploads\/2026\/02\/e-admitere-1024x173-1-1.png\" alt=\"\" class=\"wp-image-1707\" srcset=\"https:\/\/cpbmd.info\/wp-content\/uploads\/2026\/02\/e-admitere-1024x173-1-1.png 1024w, https:\/\/cpbmd.info\/wp-content\/uploads\/2026\/02\/e-admitere-1024x173-1-1-300x51.png 300w, https:\/\/cpbmd.info\/wp-content\/uploads\/2026\/02\/e-admitere-1024x173-1-1-768x130.png 768w\" sizes=\"(max-width: 1024px) 100vw, 1024px\" \/><\/a><\/figure>\n<\/div>\n\n\n\n<div class=\"wp-block-uagb-container uagb-block-84da3256\">\n<h1 class=\"wp-block-heading\"><a href=\"https:\/\/eadmitere.sime.md\/\">EADMITIRE.SIME.MD<\/a><\/h1>\n<\/div>\n<\/div><\/div>\n\n\n\n<div style=\"height:30px\" aria-hidden=\"true\" class=\"wp-block-spacer\"><\/div>\n\n\n\n<h2 class=\"wp-block-heading has-text-align-left\"><strong><em>Actele necesare:<\/em><\/strong><\/h2>\n\n\n\n<div class=\"wp-block-uagb-container uagb-block-409ae109 alignfull uagb-is-root-container\"><div class=\"uagb-container-inner-blocks-wrap\">\n<ul class=\"wp-block-list\">\n<li style=\"margin-top:var(--wp--preset--spacing--xx-small);margin-bottom:var(--wp--preset--spacing--xx-small);padding-top:var(--wp--preset--spacing--xx-small);padding-bottom:var(--wp--preset--spacing--xx-small)\"><strong><em>Actul de studii \u00een original cu anexa respectiv\u0103;<\/em><\/strong><\/li>\n\n\n\n<li style=\"margin-top:var(--wp--preset--spacing--xx-small);margin-bottom:var(--wp--preset--spacing--xx-small);padding-top:var(--wp--preset--spacing--xx-small);padding-bottom:var(--wp--preset--spacing--xx-small)\"><strong><em>Certificatul de na\u0219tere sau buletinul de identitate cu fi\u0219a de \u00eenso\u021bire a candidatului (copia \u0219i originalul);<\/em><\/strong><\/li>\n\n\n\n<li style=\"margin-top:var(--wp--preset--spacing--xx-small);margin-bottom:var(--wp--preset--spacing--xx-small);padding-top:var(--wp--preset--spacing--xx-small);padding-bottom:var(--wp--preset--spacing--xx-small)\"><strong><em>6 fotografii color 3\u00d74;<\/em><\/strong><\/li>\n\n\n\n<li style=\"margin-top:var(--wp--preset--spacing--xx-small);margin-bottom:var(--wp--preset--spacing--xx-small);padding-top:var(--wp--preset--spacing--xx-small);padding-bottom:var(--wp--preset--spacing--xx-small)\"><strong><em>Adeverin\u021b\u0103 de recrut pentru b\u0103ie\u021bi (copia \u0219i originalul).<\/em><\/strong><\/li>\n<\/ul>\n\n\n\n<h4 class=\"wp-block-heading\"><strong><em>Pentru \u00eenscriere la cota de 15%:<\/em><\/strong><\/h4>\n\n\n\n<ul class=\"wp-block-list\">\n<li><strong><strong>Acte ce confirm\u0103 statutul de copil orfan sau tutel\u0103, care atest\u0103 statutul (original);<\/strong><\/strong><\/li>\n\n\n\n<li><strong><strong>Acte ce confirm\u0103 deficien\u021be fizice sau senzoriale (original);<\/strong><\/strong><\/li>\n\n\n\n<li><strong>Certificat despre componen\u021ba familiei \u0219i copiile certificatelor de na\u0219tere ale copiilor (pentru candida\u021bii din familiile cu 4 \u0219i mai mul\u021bi copii);<\/strong><\/li>\n\n\n\n<li><strong>Legitima\u021bia ce confirm\u0103 participarea la Cernob\u00eel, Afganistan, Transnistria (original\/copia).<\/strong><\/li>\n<\/ul>\n<\/div><\/div>\n\n\n\n<div style=\"height:30px\" aria-hidden=\"true\" class=\"wp-block-spacer\"><\/div>\n\n\n\n<h3 class=\"wp-block-heading\"><strong><strong>Pentru mai multe informa\u021bii accesa\u021bi:<\/strong><\/strong><\/h3>\n\n\n\n<ul class=\"wp-block-list\">\n<li class=\"has-large-font-size\" style=\"margin-right:var(--wp--preset--spacing--small);margin-left:var(--wp--preset--spacing--small)\"><strong><a href=\"http:\/\/cpbmd.info\/wp-content\/uploads\/2026\/02\/Oferta_Colegiul-Politehnic-Balti_rom-2025.pdf\">\u00een limba rom\u00e2n\u0103<\/a><\/strong><\/li>\n\n\n\n<li class=\"has-large-font-size\" style=\"margin-right:var(--wp--preset--spacing--small);margin-left:var(--wp--preset--spacing--small)\"><a href=\"http:\/\/cpbmd.info\/wp-content\/uploads\/2026\/02\/Oferta_Colegiu-Politehnic-balti_rus-2025.pdf\" target=\"_blank\" rel=\"noreferrer noopener\"><strong>\u00een limba rus\u0103<\/strong><\/a><\/li>\n<\/ul>\n\n\n\n<div style=\"height:30px\" aria-hidden=\"true\" class=\"wp-block-spacer\"><\/div>\n\n\n\n<h5 class=\"wp-block-heading has-text-align-center\" id=\"regulamentul-de-organizare-c899i-desfc483c899urare-a-admiterii-la-programele-de-formare-profesionalc483-tehnicc483\"><a href=\"https:\/\/cpbmd.info\/?p=999\">REG de organizare \u015fi desf\u0103\u0219urare a admiterii la programele de formare profesional\u0103 tehnic\u0103<\/a><\/h5>\n\n\n\n<div style=\"height:30px\" aria-hidden=\"true\" class=\"wp-block-spacer\"><\/div>\n\n\n\n<h3 class=\"wp-block-heading\" id=\"oportunitc483c89bi\">Oportunit\u0103\u021bi:<\/h3>\n\n\n\n<ul class=\"wp-block-list\">\n<li><strong>Sus\u021binerea Bacalaureatului Na\u021bional;&nbsp;<\/strong><\/li>\n\n\n\n<li><strong>Stagii de practic\u0103 \u00een \u021bar\u0103 \u0219i peste hotare;<\/strong><\/li>\n\n\n\n<li><strong>Parteneriat cu agen\u021bi economici \u00een domeniul, de angajare \u00een c\u00e2mpul muncii;<\/strong><\/li>\n\n\n\n<li><strong>S\u0103li de calculatoare dotate cu echipament modern<\/strong>;<\/li>\n\n\n\n<li><strong>Taxe de studii moderate, cu achitarea \u00een rate;<\/strong><\/li>\n\n\n\n<li><strong>C\u0103min;<\/strong><\/li>\n\n\n\n<li><strong>Diverse activit\u0103\u021bi extracurriculare (cercuri tehnice,&nbsp;club de robotic\u0103);<\/strong><\/li>\n\n\n\n<li><strong>Sec\u021bii sportive, sal\u0103 \u0219i teren sportiv.<\/strong><\/li>\n<\/ul>\n\n\n\n<div style=\"height:30px\" aria-hidden=\"true\" class=\"wp-block-spacer\"><\/div>\n\n\n\n<h2 class=\"wp-block-heading\" id=\"contacte\"><strong><em><strong>Contacte<\/strong><\/em><\/strong><\/h2>\n\n\n\n<p><strong><em><strong>Adresa noastr\u0103:<\/strong><\/em>&nbsp;MD-3100 mun. B\u0103l\u021bi, str. I. Franco11, sectorul Dacia;<\/strong><\/p>\n\n\n\n<p><em><strong>Telefon de contact:<\/strong><\/em><\/p>\n\n\n\n<ul class=\"wp-block-list\">\n<li>Anticamera \u2013 0231-7-20-94;<\/li>\n\n\n\n<li>Comisia de admitere \u2013 0231-7-02-61<\/li>\n<\/ul>\n\n\n\n<p>Email: colegiulbalti@gmail.com;<\/p>\n\n\n\n<p><strong>Mai multe informa\u021bii&nbsp;pe pagina de Facebook: https:\/\/www.facebook.com\/coelgiulpolitehnicbalti<\/strong><\/p>\n\n\n\n<p><strong>Mai multe informa\u021bii pe pagina de&nbsp;<\/strong>TikTok:<\/p>\n\n\n\n<blockquote class=\"tiktok-embed\" cite=\"https:\/\/www.tiktok.com\/@colegiulpolitehnic\" data-unique-id=\"colegiulpolitehnic\" data-embed-type=\"creator\" style=\"max-width: 780px; min-width: 288px;\" > <section> <a target=\"_blank\" href=\"https:\/\/www.tiktok.com\/@colegiulpolitehnic?refer=creator_embed\">@colegiulpolitehnic<\/a> <\/section> <\/blockquote> <script async src=\"https:\/\/www.tiktok.com\/embed.js\"><\/script>\n\n\n\n<p><a href=\"https:\/\/cpbmd.info\/?p=1074\">REG de organizare \u015fi desf\u0103\u015furare a admiterii la programele de formare profesional\u0103 tehnic\u0103 din I.P. Colegiul Politehnic din B\u0103l\u0163i<\/a><\/p>\n","protected":false},"excerpt":{"rendered":"<p>EADMITIRE.SIME.MD Actele necesare: Pentru \u00eenscriere la cota de 15%: Pentru mai multe informa\u021bii accesa\u021bi: REG de organizare \u015fi desf\u0103\u0219urare a admiterii la programele de formare profesional\u0103 tehnic\u0103 Oportunit\u0103\u021bi: Contacte Adresa noastr\u0103:&nbsp;MD-3100 mun. B\u0103l\u021bi, str. I. Franco11, sectorul Dacia; Telefon de contact: Email: colegiulbalti@gmail.com; Mai multe informa\u021bii&nbsp;pe pagina de Facebook: https:\/\/www.facebook.com\/coelgiulpolitehnicbalti Mai multe informa\u021bii pe pagina [&hellip;]<\/p>\n","protected":false},"author":1,"featured_media":0,"parent":0,"menu_order":0,"comment_status":"closed","ping_status":"closed","template":"","meta":{"_uag_custom_page_level_css":"","footnotes":""},"class_list":["post-2296","page","type-page","status-publish","hentry"],"uagb_featured_image_src":{"full":false,"thumbnail":false,"medium":false,"medium_large":false,"large":false,"1536x1536":false,"2048x2048":false},"uagb_author_info":{"display_name":"admin","author_link":"https:\/\/cpbmd.info\/?author=1"},"uagb_comment_info":0,"uagb_excerpt":"EADMITIRE.SIME.MD Actele necesare: Pentru \u00eenscriere la cota de 15%: Pentru mai multe informa\u021bii accesa\u021bi: REG de organizare \u015fi desf\u0103\u0219urare a admiterii la programele de formare profesional\u0103 tehnic\u0103 Oportunit\u0103\u021bi: Contacte Adresa noastr\u0103:&nbsp;MD-3100 mun. B\u0103l\u021bi, str. I. Franco11, sectorul Dacia; Telefon de contact: Email: colegiulbalti@gmail.com; Mai multe informa\u021bii&nbsp;pe pagina de Facebook: https:\/\/www.facebook.com\/coelgiulpolitehnicbalti Mai multe informa\u021bii pe pagina&hellip;","_links":{"self":[{"href":"https:\/\/cpbmd.info\/index.php?rest_route=\/wp\/v2\/pages\/2296","targetHints":{"allow":["GET"]}}],"collection":[{"href":"https:\/\/cpbmd.info\/index.php?rest_route=\/wp\/v2\/pages"}],"about":[{"href":"https:\/\/cpbmd.info\/index.php?rest_route=\/wp\/v2\/types\/page"}],"author":[{"embeddable":true,"href":"https:\/\/cpbmd.info\/index.php?rest_route=\/wp\/v2\/users\/1"}],"replies":[{"embeddable":true,"href":"https:\/\/cpbmd.info\/index.php?rest_route=%2Fwp%2Fv2%2Fcomments&post=2296"}],"version-history":[{"count":5,"href":"https:\/\/cpbmd.info\/index.php?rest_route=\/wp\/v2\/pages\/2296\/revisions"}],"predecessor-version":[{"id":2307,"href":"https:\/\/cpbmd.info\/index.php?rest_route=\/wp\/v2\/pages\/2296\/revisions\/2307"}],"wp:attachment":[{"href":"https:\/\/cpbmd.info\/index.php?rest_route=%2Fwp%2Fv2%2Fmedia&parent=2296"}],"curies":[{"name":"wp","href":"https:\/\/api.w.org\/{rel}","templated":true}]}}